{"id":1088,"date":"2021-01-20T10:34:15","date_gmt":"2021-01-20T09:34:15","guid":{"rendered":"https:\/\/diagonaldent.com\/tratamientos\/tratamientos-esteticos\/"},"modified":"2021-03-10T17:10:42","modified_gmt":"2021-03-10T16:10:42","slug":"aesthetic-treatments","status":"publish","type":"page","link":"https:\/\/diagonaldent.com\/en\/dental-treatments\/aesthetic-treatments\/","title":{"rendered":"Aesthetic treatments"},"content":{"rendered":"\t\t<div data-elementor-type=\"wp-page\" data-elementor-id=\"1088\" class=\"elementor elementor-1088\">\n\t\t\t\t\t\t<section class=\"elementor-section elementor-top-section elementor-element elementor-element-c548982 elementor-section-height-min-height elementor-section-boxed elementor-section-height-default elementor-section-items-middle parallax_section_no qode_elementor_container_no\" data-id=\"c548982\" data-element_type=\"section\" data-e-type=\"section\" data-settings=\"{&quot;background_background&quot;:&quot;classic&quot;}\">\n\t\t\t\t\t\t\t<div class=\"elementor-background-overlay\"><\/div>\n\t\t\t\t\t\t\t<div class=\"elementor-container elementor-column-gap-default\">\n\t\t\t\t\t<div class=\"elementor-column elementor-col-100 elementor-top-column elementor-element elementor-element-1071739\" data-id=\"1071739\" data-element_type=\"column\" data-e-type=\"column\">\n\t\t\t<div class=\"elementor-widget-wrap elementor-element-populated\">\n\t\t\t\t\t\t<div class=\"elementor-element elementor-element-92bc8f9 elementor-widget elementor-widget-heading\" data-id=\"92bc8f9\" data-element_type=\"widget\" data-e-type=\"widget\" data-widget_type=\"heading.default\">\n\t\t\t\t<div class=\"elementor-widget-container\">\n\t\t\t\t\t<h1 class=\"elementor-heading-title elementor-size-default\">Aesthetic treatments<\/h1>\t\t\t\t<\/div>\n\t\t\t\t<\/div>\n\t\t\t\t\t<\/div>\n\t\t<\/div>\n\t\t\t\t\t<\/div>\n\t\t<\/section>\n\t\t\t\t<section class=\"elementor-section elementor-top-section elementor-element elementor-element-3d92d8a elementor-section-content-top elementor-reverse-mobile elementor-section-boxed elementor-section-height-default elementor-section-height-default parallax_section_no qode_elementor_container_no\" data-id=\"3d92d8a\" data-element_type=\"section\" data-e-type=\"section\" id=\"reconstruccion-caries\">\n\t\t\t\t\t\t<div class=\"elementor-container elementor-column-gap-default\">\n\t\t\t\t\t<div class=\"elementor-column elementor-col-50 elementor-top-column elementor-element elementor-element-5fb77c1\" data-id=\"5fb77c1\" data-element_type=\"column\" data-e-type=\"column\">\n\t\t\t<div class=\"elementor-widget-wrap elementor-element-populated\">\n\t\t\t\t\t\t<div class=\"elementor-element elementor-element-05ad0ef elementor-widget elementor-widget-heading\" data-id=\"05ad0ef\" data-element_type=\"widget\" data-e-type=\"widget\" data-widget_type=\"heading.default\">\n\t\t\t\t<div class=\"elementor-widget-container\">\n\t\t\t\t\t<h2 class=\"elementor-heading-title elementor-size-default\">What is Dental Aesthetics?<\/h2>\t\t\t\t<\/div>\n\t\t\t\t<\/div>\n\t\t\t\t<div class=\"elementor-element elementor-element-43a8610 elementor-widget elementor-widget-text-editor\" data-id=\"43a8610\" data-element_type=\"widget\" data-e-type=\"widget\" data-widget_type=\"text-editor.default\">\n\t\t\t\t<div class=\"elementor-widget-container\">\n\t\t\t\t\t\t\t\t\tDental Aesthetics is the specialty within Dentistry that aims to improve the person&#8217;s teeth and, with it, their physical appearance. In order to meet their aesthetic goals, these kind of treatments must be customized to each patient\u2019s needs.\t\t\t\t\t\t\t\t<\/div>\n\t\t\t\t<\/div>\n\t\t\t\t<div class=\"elementor-element elementor-element-7d21074 elementor-widget elementor-widget-heading\" data-id=\"7d21074\" data-element_type=\"widget\" data-e-type=\"widget\" data-widget_type=\"heading.default\">\n\t\t\t\t<div class=\"elementor-widget-container\">\n\t\t\t\t\t<h3 class=\"elementor-heading-title elementor-size-default\">Aesthetic treatments<\/h3>\t\t\t\t<\/div>\n\t\t\t\t<\/div>\n\t\t\t\t<div class=\"elementor-element elementor-element-bcdf843 elementor-widget elementor-widget-text-editor\" data-id=\"bcdf843\" data-element_type=\"widget\" data-e-type=\"widget\" data-widget_type=\"text-editor.default\">\n\t\t\t\t<div class=\"elementor-widget-container\">\n\t\t\t\t\t\t\t\t\t<a href=\"#carillas-porcelana\">AESTHETIC PORCELAIN VENEERS<\/a>\t\t\t\t\t\t\t\t<\/div>\n\t\t\t\t<\/div>\n\t\t\t\t<div class=\"elementor-element elementor-element-3c20a4d elementor-widget elementor-widget-text-editor\" data-id=\"3c20a4d\" data-element_type=\"widget\" data-e-type=\"widget\" data-widget_type=\"text-editor.default\">\n\t\t\t\t<div class=\"elementor-widget-container\">\n\t\t\t\t\t\t\t\t\t<a href=\"#blanqueamientos-dentales\">DENTAL WHITENING (PHILIPS ZOOM)<\/a>\t\t\t\t\t\t\t\t<\/div>\n\t\t\t\t<\/div>\n\t\t\t\t\t<\/div>\n\t\t<\/div>\n\t\t\t\t<div class=\"elementor-column elementor-col-50 elementor-top-column elementor-element elementor-element-df29cda\" data-id=\"df29cda\" data-element_type=\"column\" data-e-type=\"column\" data-settings=\"{&quot;background_background&quot;:&quot;classic&quot;}\">\n\t\t\t<div class=\"elementor-widget-wrap elementor-element-populated\">\n\t\t\t\t\t\t<div class=\"elementor-element elementor-element-88ea5d7 elementor-invisible elementor-widget elementor-widget-image\" data-id=\"88ea5d7\" data-element_type=\"widget\" data-e-type=\"widget\" data-settings=\"{&quot;_animation&quot;:&quot;fadeInRight&quot;}\" data-widget_type=\"image.default\">\n\t\t\t\t<div class=\"elementor-widget-container\">\n\t\t\t\t\t\t\t\t\t\t\t\t\t\t\t<img fetchpriority=\"high\" decoding=\"async\" width=\"527\" height=\"485\" src=\"https:\/\/diagonaldent.com\/wp-content\/uploads\/2021\/01\/DiagonalDent-protesis-removible-1.png\" class=\"attachment-full size-full wp-image-578\" alt=\"Diagonal Dent - Tratamientos est\u00e9ticos\" srcset=\"https:\/\/diagonaldent.com\/wp-content\/uploads\/2021\/01\/DiagonalDent-protesis-removible-1.png 527w, https:\/\/diagonaldent.com\/wp-content\/uploads\/2021\/01\/DiagonalDent-protesis-removible-1-300x276.png 300w\" sizes=\"(max-width: 527px) 100vw, 527px\" \/>\t\t\t\t\t\t\t\t\t\t\t\t\t\t\t<\/div>\n\t\t\t\t<\/div>\n\t\t\t\t\t<\/div>\n\t\t<\/div>\n\t\t\t\t\t<\/div>\n\t\t<\/section>\n\t\t\t\t<section class=\"elementor-section elementor-top-section elementor-element elementor-element-80ea708 elementor-section-content-top elementor-section-boxed elementor-section-height-default elementor-section-height-default parallax_section_no qode_elementor_container_no\" data-id=\"80ea708\" data-element_type=\"section\" data-e-type=\"section\" id=\"carillas-porcelana\">\n\t\t\t\t\t\t<div class=\"elementor-container elementor-column-gap-default\">\n\t\t\t\t\t<div class=\"elementor-column elementor-col-50 elementor-top-column elementor-element elementor-element-576ebd5\" data-id=\"576ebd5\" data-element_type=\"column\" data-e-type=\"column\" data-settings=\"{&quot;background_background&quot;:&quot;classic&quot;}\">\n\t\t\t<div class=\"elementor-widget-wrap elementor-element-populated\">\n\t\t\t\t\t\t<div class=\"elementor-element elementor-element-65f7111 elementor-invisible elementor-widget elementor-widget-image\" data-id=\"65f7111\" data-element_type=\"widget\" data-e-type=\"widget\" data-settings=\"{&quot;_animation&quot;:&quot;fadeInLeft&quot;}\" data-widget_type=\"image.default\">\n\t\t\t\t<div class=\"elementor-widget-container\">\n\t\t\t\t\t\t\t\t\t\t\t\t\t\t\t<img decoding=\"async\" width=\"1000\" height=\"667\" src=\"https:\/\/diagonaldent.com\/wp-content\/uploads\/2021\/01\/DiagonalDent-esteticos-02.jpg\" class=\"attachment-full size-full wp-image-632\" alt=\"Diagonal Dent - Tratamientos est\u00e9ticos\" srcset=\"https:\/\/diagonaldent.com\/wp-content\/uploads\/2021\/01\/DiagonalDent-esteticos-02.jpg 1000w, https:\/\/diagonaldent.com\/wp-content\/uploads\/2021\/01\/DiagonalDent-esteticos-02-300x200.jpg 300w, https:\/\/diagonaldent.com\/wp-content\/uploads\/2021\/01\/DiagonalDent-esteticos-02-768x512.jpg 768w, https:\/\/diagonaldent.com\/wp-content\/uploads\/2021\/01\/DiagonalDent-esteticos-02-700x467.jpg 700w\" sizes=\"(max-width: 1000px) 100vw, 1000px\" \/>\t\t\t\t\t\t\t\t\t\t\t\t\t\t\t<\/div>\n\t\t\t\t<\/div>\n\t\t\t\t\t<\/div>\n\t\t<\/div>\n\t\t\t\t<div class=\"elementor-column elementor-col-50 elementor-top-column elementor-element elementor-element-54a6970\" data-id=\"54a6970\" data-element_type=\"column\" data-e-type=\"column\">\n\t\t\t<div class=\"elementor-widget-wrap elementor-element-populated\">\n\t\t\t\t\t\t<div class=\"elementor-element elementor-element-56706e9 elementor-widget elementor-widget-heading\" data-id=\"56706e9\" data-element_type=\"widget\" data-e-type=\"widget\" data-widget_type=\"heading.default\">\n\t\t\t\t<div class=\"elementor-widget-container\">\n\t\t\t\t\t<h4 class=\"elementor-heading-title elementor-size-default\">AESTHETIC PORCELAIN VENEERS<\/h4>\t\t\t\t<\/div>\n\t\t\t\t<\/div>\n\t\t\t\t<div class=\"elementor-element elementor-element-4872a2c elementor-widget elementor-widget-text-editor\" data-id=\"4872a2c\" data-element_type=\"widget\" data-e-type=\"widget\" data-widget_type=\"text-editor.default\">\n\t\t\t\t<div class=\"elementor-widget-container\">\n\t\t\t\t\t\t\t\t\t<p>Porcelain veneers are fine pieces of this material that are often used to improve the aesthetic appearance of the teeth, as well as providing more strength and stability to the natural enamel of each tooth.<\/p><p>Thanks to veneers, it is possible to modify the appearance of teeth that are not to our liking due to their size, shape or color.<\/p><p>It is a very effective solution to correct teeth that are slightly crooked, but also other problems such as fractures or parts that have worn out or darkened over time.<\/p>\t\t\t\t\t\t\t\t<\/div>\n\t\t\t\t<\/div>\n\t\t\t\t\t<\/div>\n\t\t<\/div>\n\t\t\t\t\t<\/div>\n\t\t<\/section>\n\t\t\t\t<section class=\"elementor-section elementor-top-section elementor-element elementor-element-d037d12 elementor-section-content-top elementor-reverse-mobile elementor-section-boxed elementor-section-height-default elementor-section-height-default parallax_section_no qode_elementor_container_no\" data-id=\"d037d12\" data-element_type=\"section\" data-e-type=\"section\" id=\"blanqueamientos-dentales\">\n\t\t\t\t\t\t<div class=\"elementor-container elementor-column-gap-default\">\n\t\t\t\t\t<div class=\"elementor-column elementor-col-50 elementor-top-column elementor-element elementor-element-c1fe0de\" data-id=\"c1fe0de\" data-element_type=\"column\" data-e-type=\"column\">\n\t\t\t<div class=\"elementor-widget-wrap elementor-element-populated\">\n\t\t\t\t\t\t<div class=\"elementor-element elementor-element-605c88e elementor-widget elementor-widget-heading\" data-id=\"605c88e\" data-element_type=\"widget\" data-e-type=\"widget\" data-widget_type=\"heading.default\">\n\t\t\t\t<div class=\"elementor-widget-container\">\n\t\t\t\t\t<h4 class=\"elementor-heading-title elementor-size-default\">DENTAL WHITENING (PHILIPS ZOOM)<\/h4>\t\t\t\t<\/div>\n\t\t\t\t<\/div>\n\t\t\t\t<div class=\"elementor-element elementor-element-2f39531 elementor-widget elementor-widget-text-editor\" data-id=\"2f39531\" data-element_type=\"widget\" data-e-type=\"widget\" data-widget_type=\"text-editor.default\">\n\t\t\t\t<div class=\"elementor-widget-container\">\n\t\t\t\t\t\t\t\t\t<p>Philips Zoom\u00ae teeth whitening is based on the application of LED light on dental surfaces previously treated with a bleaching agent, such as hydrogen peroxide, so that this light activates the agent by making bleaching effective and achieving a faster effect.<\/p><p>It is done by applying this bleaching agent, which is a chemical placed on the vestibular surface of the teeth by applying the Philips Zoom LED light. By means of the red-ox (reduction-oxidation) reaction, hydrogen peroxide, which is a very unstable compound, tends to separate one of the oxygen particles to obtain, on one side, water (H2O) that is stable, and on the other, oxygen (O), which remains free in the medium where it is. This oxygen joins the molecules responsible for tooth coloration, which are usually very large. Here the red-ox reaction occurs and causes the large molecules that darken the tooth to be divided into smaller molecules. When they become small, they lighten, therefore lightening the tooth. Additionally, they become more soluble and easier to remove from dental structures.<\/p>\t\t\t\t\t\t\t\t<\/div>\n\t\t\t\t<\/div>\n\t\t\t\t\t<\/div>\n\t\t<\/div>\n\t\t\t\t<div class=\"elementor-column elementor-col-50 elementor-top-column elementor-element elementor-element-aae3ddc\" data-id=\"aae3ddc\" data-element_type=\"column\" data-e-type=\"column\" data-settings=\"{&quot;background_background&quot;:&quot;classic&quot;}\">\n\t\t\t<div class=\"elementor-widget-wrap elementor-element-populated\">\n\t\t\t\t\t\t<div class=\"elementor-element elementor-element-c010148 elementor-invisible elementor-widget elementor-widget-image\" data-id=\"c010148\" data-element_type=\"widget\" data-e-type=\"widget\" data-settings=\"{&quot;_animation&quot;:&quot;fadeInRight&quot;}\" data-widget_type=\"image.default\">\n\t\t\t\t<div class=\"elementor-widget-container\">\n\t\t\t\t\t\t\t\t\t\t\t\t\t\t\t<img decoding=\"async\" width=\"1000\" height=\"667\" src=\"https:\/\/diagonaldent.com\/wp-content\/uploads\/2021\/01\/DiagonalDent-esteticos-03-1.jpg\" class=\"attachment-full size-full wp-image-633\" alt=\"Diagonal Dent - Tratamientos est\u00e9ticos\" srcset=\"https:\/\/diagonaldent.com\/wp-content\/uploads\/2021\/01\/DiagonalDent-esteticos-03-1.jpg 1000w, https:\/\/diagonaldent.com\/wp-content\/uploads\/2021\/01\/DiagonalDent-esteticos-03-1-300x200.jpg 300w, https:\/\/diagonaldent.com\/wp-content\/uploads\/2021\/01\/DiagonalDent-esteticos-03-1-768x512.jpg 768w, https:\/\/diagonaldent.com\/wp-content\/uploads\/2021\/01\/DiagonalDent-esteticos-03-1-700x467.jpg 700w\" sizes=\"(max-width: 1000px) 100vw, 1000px\" \/>\t\t\t\t\t\t\t\t\t\t\t\t\t\t\t<\/div>\n\t\t\t\t<\/div>\n\t\t\t\t\t<\/div>\n\t\t<\/div>\n\t\t\t\t\t<\/div>\n\t\t<\/section>\n\t\t\t\t<\/div>\n\t\t","protected":false},"excerpt":{"rendered":"<p>Aesthetic treatments What is Dental Aesthetics? Dental Aesthetics is the specialty within Dentistry that aims to improve the person&#8217;s teeth and, with it, their physical appearance. In order to meet their aesthetic goals, these kind of treatments must be customized to each patient\u2019s needs. Aesthetic&#8230;<\/p>\n","protected":false},"author":1,"featured_media":0,"parent":1076,"menu_order":0,"comment_status":"closed","ping_status":"closed","template":"elementor_header_footer","meta":{"footnotes":""},"class_list":["post-1088","page","type-page","status-publish","hentry"],"yoast_head":"<!-- This site is optimized with the Yoast SEO plugin v27.3 - https:\/\/yoast.com\/product\/yoast-seo-wordpress\/ -->\n<title>Aesthetic Treatments - DiagonalDent - Cl\u00ednica Dental en Diagonal Mar, Barcelona<\/title>\n<meta name=\"description\" content=\"Tratamientos est\u00e9ticos: carillas de porcelana est\u00e9ticas y blanqueamientos dentales con Philips Zoom en nuestra c\u00ednica dental de Barcelona.\" \/>\n<meta name=\"robots\" content=\"index, follow, max-snippet:-1, max-image-preview:large, max-video-preview:-1\" \/>\n<link rel=\"canonical\" href=\"https:\/\/diagonaldent.com\/en\/dental-treatments\/aesthetic-treatments\/\" \/>\n<meta property=\"og:locale\" content=\"en_US\" \/>\n<meta property=\"og:type\" content=\"article\" \/>\n<meta property=\"og:title\" content=\"Aesthetic Treatments - DiagonalDent - Cl\u00ednica Dental en Diagonal Mar, Barcelona\" \/>\n<meta property=\"og:description\" content=\"Tratamientos est\u00e9ticos: carillas de porcelana est\u00e9ticas y blanqueamientos dentales con Philips Zoom en nuestra c\u00ednica dental de Barcelona.\" \/>\n<meta property=\"og:url\" content=\"https:\/\/diagonaldent.com\/en\/dental-treatments\/aesthetic-treatments\/\" \/>\n<meta property=\"og:site_name\" content=\"DiagonalDent - Cl\u00ednica Dental en Diagonal Mar, Barcelona\" \/>\n<meta property=\"article:modified_time\" content=\"2021-03-10T16:10:42+00:00\" \/>\n<meta property=\"og:image\" content=\"https:\/\/diagonaldent.com\/wp-content\/uploads\/2021\/01\/DiagonalDent-protesis-removible-1.png\" \/>\n<meta name=\"twitter:card\" content=\"summary_large_image\" \/>\n<meta name=\"twitter:label1\" content=\"Est. reading time\" \/>\n\t<meta name=\"twitter:data1\" content=\"3 minutes\" \/>\n<script type=\"application\/ld+json\" class=\"yoast-schema-graph\">{\"@context\":\"https:\\\/\\\/schema.org\",\"@graph\":[{\"@type\":\"WebPage\",\"@id\":\"https:\\\/\\\/diagonaldent.com\\\/en\\\/dental-treatments\\\/aesthetic-treatments\\\/\",\"url\":\"https:\\\/\\\/diagonaldent.com\\\/en\\\/dental-treatments\\\/aesthetic-treatments\\\/\",\"name\":\"Aesthetic Treatments - DiagonalDent - Cl\u00ednica Dental en Diagonal Mar, Barcelona\",\"isPartOf\":{\"@id\":\"https:\\\/\\\/diagonaldent.com\\\/#website\"},\"primaryImageOfPage\":{\"@id\":\"https:\\\/\\\/diagonaldent.com\\\/en\\\/dental-treatments\\\/aesthetic-treatments\\\/#primaryimage\"},\"image\":{\"@id\":\"https:\\\/\\\/diagonaldent.com\\\/en\\\/dental-treatments\\\/aesthetic-treatments\\\/#primaryimage\"},\"thumbnailUrl\":\"https:\\\/\\\/diagonaldent.com\\\/wp-content\\\/uploads\\\/2021\\\/01\\\/DiagonalDent-protesis-removible-1.png\",\"datePublished\":\"2021-01-20T09:34:15+00:00\",\"dateModified\":\"2021-03-10T16:10:42+00:00\",\"description\":\"Tratamientos est\u00e9ticos: carillas de porcelana est\u00e9ticas y blanqueamientos dentales con Philips Zoom en nuestra c\u00ednica dental de Barcelona.\",\"breadcrumb\":{\"@id\":\"https:\\\/\\\/diagonaldent.com\\\/en\\\/dental-treatments\\\/aesthetic-treatments\\\/#breadcrumb\"},\"inLanguage\":\"en-US\",\"potentialAction\":[{\"@type\":\"ReadAction\",\"target\":[\"https:\\\/\\\/diagonaldent.com\\\/en\\\/dental-treatments\\\/aesthetic-treatments\\\/\"]}]},{\"@type\":\"ImageObject\",\"inLanguage\":\"en-US\",\"@id\":\"https:\\\/\\\/diagonaldent.com\\\/en\\\/dental-treatments\\\/aesthetic-treatments\\\/#primaryimage\",\"url\":\"https:\\\/\\\/diagonaldent.com\\\/wp-content\\\/uploads\\\/2021\\\/01\\\/DiagonalDent-protesis-removible-1.png\",\"contentUrl\":\"https:\\\/\\\/diagonaldent.com\\\/wp-content\\\/uploads\\\/2021\\\/01\\\/DiagonalDent-protesis-removible-1.png\"},{\"@type\":\"BreadcrumbList\",\"@id\":\"https:\\\/\\\/diagonaldent.com\\\/en\\\/dental-treatments\\\/aesthetic-treatments\\\/#breadcrumb\",\"itemListElement\":[{\"@type\":\"ListItem\",\"position\":1,\"name\":\"Portada\",\"item\":\"https:\\\/\\\/diagonaldent.com\\\/en\\\/\"},{\"@type\":\"ListItem\",\"position\":2,\"name\":\"Treatments\",\"item\":\"https:\\\/\\\/diagonaldent.com\\\/en\\\/dental-treatments\\\/\"},{\"@type\":\"ListItem\",\"position\":3,\"name\":\"Aesthetic treatments\"}]},{\"@type\":\"WebSite\",\"@id\":\"https:\\\/\\\/diagonaldent.com\\\/#website\",\"url\":\"https:\\\/\\\/diagonaldent.com\\\/\",\"name\":\"DiagonalDent - Cl\u00ednica Dental en Diagonal Mar, Barcelona\",\"description\":\"Cl\u00ednica Dental en Barcelona: ortodoncia, implantolog\u00eda y est\u00e9tica dental\",\"publisher\":{\"@id\":\"https:\\\/\\\/diagonaldent.com\\\/#organization\"},\"potentialAction\":[{\"@type\":\"SearchAction\",\"target\":{\"@type\":\"EntryPoint\",\"urlTemplate\":\"https:\\\/\\\/diagonaldent.com\\\/?s={search_term_string}\"},\"query-input\":{\"@type\":\"PropertyValueSpecification\",\"valueRequired\":true,\"valueName\":\"search_term_string\"}}],\"inLanguage\":\"en-US\"},{\"@type\":\"Organization\",\"@id\":\"https:\\\/\\\/diagonaldent.com\\\/#organization\",\"name\":\"DiagonalDent\",\"url\":\"https:\\\/\\\/diagonaldent.com\\\/\",\"logo\":{\"@type\":\"ImageObject\",\"inLanguage\":\"en-US\",\"@id\":\"https:\\\/\\\/diagonaldent.com\\\/#\\\/schema\\\/logo\\\/image\\\/\",\"url\":\"\",\"contentUrl\":\"\",\"caption\":\"DiagonalDent\"},\"image\":{\"@id\":\"https:\\\/\\\/diagonaldent.com\\\/#\\\/schema\\\/logo\\\/image\\\/\"}}]}<\/script>\n<!-- \/ Yoast SEO plugin. -->","yoast_head_json":{"title":"Aesthetic Treatments - DiagonalDent - Cl\u00ednica Dental en Diagonal Mar, Barcelona","description":"Tratamientos est\u00e9ticos: carillas de porcelana est\u00e9ticas y blanqueamientos dentales con Philips Zoom en nuestra c\u00ednica dental de Barcelona.","robots":{"index":"index","follow":"follow","max-snippet":"max-snippet:-1","max-image-preview":"max-image-preview:large","max-video-preview":"max-video-preview:-1"},"canonical":"https:\/\/diagonaldent.com\/en\/dental-treatments\/aesthetic-treatments\/","og_locale":"en_US","og_type":"article","og_title":"Aesthetic Treatments - DiagonalDent - Cl\u00ednica Dental en Diagonal Mar, Barcelona","og_description":"Tratamientos est\u00e9ticos: carillas de porcelana est\u00e9ticas y blanqueamientos dentales con Philips Zoom en nuestra c\u00ednica dental de Barcelona.","og_url":"https:\/\/diagonaldent.com\/en\/dental-treatments\/aesthetic-treatments\/","og_site_name":"DiagonalDent - Cl\u00ednica Dental en Diagonal Mar, Barcelona","article_modified_time":"2021-03-10T16:10:42+00:00","og_image":[{"url":"https:\/\/diagonaldent.com\/wp-content\/uploads\/2021\/01\/DiagonalDent-protesis-removible-1.png","type":"","width":"","height":""}],"twitter_card":"summary_large_image","twitter_misc":{"Est. reading time":"3 minutes"},"schema":{"@context":"https:\/\/schema.org","@graph":[{"@type":"WebPage","@id":"https:\/\/diagonaldent.com\/en\/dental-treatments\/aesthetic-treatments\/","url":"https:\/\/diagonaldent.com\/en\/dental-treatments\/aesthetic-treatments\/","name":"Aesthetic Treatments - DiagonalDent - Cl\u00ednica Dental en Diagonal Mar, Barcelona","isPartOf":{"@id":"https:\/\/diagonaldent.com\/#website"},"primaryImageOfPage":{"@id":"https:\/\/diagonaldent.com\/en\/dental-treatments\/aesthetic-treatments\/#primaryimage"},"image":{"@id":"https:\/\/diagonaldent.com\/en\/dental-treatments\/aesthetic-treatments\/#primaryimage"},"thumbnailUrl":"https:\/\/diagonaldent.com\/wp-content\/uploads\/2021\/01\/DiagonalDent-protesis-removible-1.png","datePublished":"2021-01-20T09:34:15+00:00","dateModified":"2021-03-10T16:10:42+00:00","description":"Tratamientos est\u00e9ticos: carillas de porcelana est\u00e9ticas y blanqueamientos dentales con Philips Zoom en nuestra c\u00ednica dental de Barcelona.","breadcrumb":{"@id":"https:\/\/diagonaldent.com\/en\/dental-treatments\/aesthetic-treatments\/#breadcrumb"},"inLanguage":"en-US","potentialAction":[{"@type":"ReadAction","target":["https:\/\/diagonaldent.com\/en\/dental-treatments\/aesthetic-treatments\/"]}]},{"@type":"ImageObject","inLanguage":"en-US","@id":"https:\/\/diagonaldent.com\/en\/dental-treatments\/aesthetic-treatments\/#primaryimage","url":"https:\/\/diagonaldent.com\/wp-content\/uploads\/2021\/01\/DiagonalDent-protesis-removible-1.png","contentUrl":"https:\/\/diagonaldent.com\/wp-content\/uploads\/2021\/01\/DiagonalDent-protesis-removible-1.png"},{"@type":"BreadcrumbList","@id":"https:\/\/diagonaldent.com\/en\/dental-treatments\/aesthetic-treatments\/#breadcrumb","itemListElement":[{"@type":"ListItem","position":1,"name":"Portada","item":"https:\/\/diagonaldent.com\/en\/"},{"@type":"ListItem","position":2,"name":"Treatments","item":"https:\/\/diagonaldent.com\/en\/dental-treatments\/"},{"@type":"ListItem","position":3,"name":"Aesthetic treatments"}]},{"@type":"WebSite","@id":"https:\/\/diagonaldent.com\/#website","url":"https:\/\/diagonaldent.com\/","name":"DiagonalDent - Cl\u00ednica Dental en Diagonal Mar, Barcelona","description":"Cl\u00ednica Dental en Barcelona: ortodoncia, implantolog\u00eda y est\u00e9tica dental","publisher":{"@id":"https:\/\/diagonaldent.com\/#organization"},"potentialAction":[{"@type":"SearchAction","target":{"@type":"EntryPoint","urlTemplate":"https:\/\/diagonaldent.com\/?s={search_term_string}"},"query-input":{"@type":"PropertyValueSpecification","valueRequired":true,"valueName":"search_term_string"}}],"inLanguage":"en-US"},{"@type":"Organization","@id":"https:\/\/diagonaldent.com\/#organization","name":"DiagonalDent","url":"https:\/\/diagonaldent.com\/","logo":{"@type":"ImageObject","inLanguage":"en-US","@id":"https:\/\/diagonaldent.com\/#\/schema\/logo\/image\/","url":"","contentUrl":"","caption":"DiagonalDent"},"image":{"@id":"https:\/\/diagonaldent.com\/#\/schema\/logo\/image\/"}}]}},"_links":{"self":[{"href":"https:\/\/diagonaldent.com\/en\/wp-json\/wp\/v2\/pages\/1088","targetHints":{"allow":["GET"]}}],"collection":[{"href":"https:\/\/diagonaldent.com\/en\/wp-json\/wp\/v2\/pages"}],"about":[{"href":"https:\/\/diagonaldent.com\/en\/wp-json\/wp\/v2\/types\/page"}],"author":[{"embeddable":true,"href":"https:\/\/diagonaldent.com\/en\/wp-json\/wp\/v2\/users\/1"}],"replies":[{"embeddable":true,"href":"https:\/\/diagonaldent.com\/en\/wp-json\/wp\/v2\/comments?post=1088"}],"version-history":[{"count":10,"href":"https:\/\/diagonaldent.com\/en\/wp-json\/wp\/v2\/pages\/1088\/revisions"}],"predecessor-version":[{"id":1322,"href":"https:\/\/diagonaldent.com\/en\/wp-json\/wp\/v2\/pages\/1088\/revisions\/1322"}],"up":[{"embeddable":true,"href":"https:\/\/diagonaldent.com\/en\/wp-json\/wp\/v2\/pages\/1076"}],"wp:attachment":[{"href":"https:\/\/diagonaldent.com\/en\/wp-json\/wp\/v2\/media?parent=1088"}],"curies":[{"name":"wp","href":"https:\/\/api.w.org\/{rel}","templated":true}]}}