{"id":1086,"date":"2021-01-20T11:07:06","date_gmt":"2021-01-20T10:07:06","guid":{"rendered":"https:\/\/diagonaldent.com\/tratamientos\/protesis-removibles\/"},"modified":"2021-03-10T17:28:46","modified_gmt":"2021-03-10T16:28:46","slug":"removable-prostheses","status":"publish","type":"page","link":"https:\/\/diagonaldent.com\/en\/dental-treatments\/removable-prostheses\/","title":{"rendered":"Removable prostheses"},"content":{"rendered":"\t\t<div data-elementor-type=\"wp-page\" data-elementor-id=\"1086\" class=\"elementor elementor-1086\">\n\t\t\t\t\t\t<section class=\"elementor-section elementor-top-section elementor-element elementor-element-c548982 elementor-section-height-min-height elementor-section-boxed elementor-section-height-default elementor-section-items-middle parallax_section_no qode_elementor_container_no\" data-id=\"c548982\" data-element_type=\"section\" data-e-type=\"section\" data-settings=\"{&quot;background_background&quot;:&quot;classic&quot;}\">\n\t\t\t\t\t\t\t<div class=\"elementor-background-overlay\"><\/div>\n\t\t\t\t\t\t\t<div class=\"elementor-container elementor-column-gap-default\">\n\t\t\t\t\t<div class=\"elementor-column elementor-col-100 elementor-top-column elementor-element elementor-element-1071739\" data-id=\"1071739\" data-element_type=\"column\" data-e-type=\"column\">\n\t\t\t<div class=\"elementor-widget-wrap elementor-element-populated\">\n\t\t\t\t\t\t<div class=\"elementor-element elementor-element-92bc8f9 elementor-widget elementor-widget-heading\" data-id=\"92bc8f9\" data-element_type=\"widget\" data-e-type=\"widget\" data-widget_type=\"heading.default\">\n\t\t\t\t<div class=\"elementor-widget-container\">\n\t\t\t\t\t<h1 class=\"elementor-heading-title elementor-size-default\">Removable prostheses\n<\/h1>\t\t\t\t<\/div>\n\t\t\t\t<\/div>\n\t\t\t\t\t<\/div>\n\t\t<\/div>\n\t\t\t\t\t<\/div>\n\t\t<\/section>\n\t\t\t\t<section class=\"elementor-section elementor-top-section elementor-element elementor-element-3d92d8a elementor-section-content-top elementor-reverse-mobile elementor-section-boxed elementor-section-height-default elementor-section-height-default parallax_section_no qode_elementor_container_no\" data-id=\"3d92d8a\" data-element_type=\"section\" data-e-type=\"section\" id=\"reconstruccion-caries\">\n\t\t\t\t\t\t<div class=\"elementor-container elementor-column-gap-default\">\n\t\t\t\t\t<div class=\"elementor-column elementor-col-50 elementor-top-column elementor-element elementor-element-5fb77c1\" data-id=\"5fb77c1\" data-element_type=\"column\" data-e-type=\"column\">\n\t\t\t<div class=\"elementor-widget-wrap elementor-element-populated\">\n\t\t\t\t\t\t<div class=\"elementor-element elementor-element-05ad0ef elementor-widget elementor-widget-heading\" data-id=\"05ad0ef\" data-element_type=\"widget\" data-e-type=\"widget\" data-widget_type=\"heading.default\">\n\t\t\t\t<div class=\"elementor-widget-container\">\n\t\t\t\t\t<h2 class=\"elementor-heading-title elementor-size-default\">What is a removable prosthesis<\/h2>\t\t\t\t<\/div>\n\t\t\t\t<\/div>\n\t\t\t\t<div class=\"elementor-element elementor-element-43a8610 elementor-widget elementor-widget-text-editor\" data-id=\"43a8610\" data-element_type=\"widget\" data-e-type=\"widget\" data-widget_type=\"text-editor.default\">\n\t\t\t\t<div class=\"elementor-widget-container\">\n\t\t\t\t\t\t\t\t\t<p>These prosthetic dentistry treatments help replace the dental absences and periodontal tissues that the patient (especially the elderly) has lost in their mouth.<\/p><p>In addition to recovering the functionality of the patient&#8217;s teeth (laughing, talking, eating&#8230;) the removable dentures also prevent the teeth that the patient still conserves in good condition from moving.<\/p><p>A removable denture is a metal structure with several artificial teeth fixed on its sides. For a better fixation, removable dentures are anchored to the teeth that the patient still keeps in its mouth by means of metallic fasteners.<\/p>\t\t\t\t\t\t\t\t<\/div>\n\t\t\t\t<\/div>\n\t\t\t\t\t<\/div>\n\t\t<\/div>\n\t\t\t\t<div class=\"elementor-column elementor-col-50 elementor-top-column elementor-element elementor-element-df29cda\" data-id=\"df29cda\" data-element_type=\"column\" data-e-type=\"column\" data-settings=\"{&quot;background_background&quot;:&quot;classic&quot;}\">\n\t\t\t<div class=\"elementor-widget-wrap elementor-element-populated\">\n\t\t\t\t\t\t<div class=\"elementor-element elementor-element-88ea5d7 elementor-invisible elementor-widget elementor-widget-image\" data-id=\"88ea5d7\" data-element_type=\"widget\" data-e-type=\"widget\" data-settings=\"{&quot;_animation&quot;:&quot;fadeInRight&quot;}\" data-widget_type=\"image.default\">\n\t\t\t\t<div class=\"elementor-widget-container\">\n\t\t\t\t\t\t\t\t\t\t\t\t\t\t\t<img fetchpriority=\"high\" decoding=\"async\" width=\"527\" height=\"485\" src=\"https:\/\/diagonaldent.com\/wp-content\/uploads\/2021\/01\/DiagonalDent-protesis-1.png\" class=\"attachment-full size-full wp-image-576\" alt=\"Diagonal Dent - Pr\u00f3tesis removibles\" srcset=\"https:\/\/diagonaldent.com\/wp-content\/uploads\/2021\/01\/DiagonalDent-protesis-1.png 527w, https:\/\/diagonaldent.com\/wp-content\/uploads\/2021\/01\/DiagonalDent-protesis-1-300x276.png 300w\" sizes=\"(max-width: 527px) 100vw, 527px\" \/>\t\t\t\t\t\t\t\t\t\t\t\t\t\t\t<\/div>\n\t\t\t\t<\/div>\n\t\t\t\t\t<\/div>\n\t\t<\/div>\n\t\t\t\t\t<\/div>\n\t\t<\/section>\n\t\t\t\t<section class=\"elementor-section elementor-top-section elementor-element elementor-element-80ea708 elementor-section-content-top elementor-section-boxed elementor-section-height-default elementor-section-height-default parallax_section_no qode_elementor_container_no\" data-id=\"80ea708\" data-element_type=\"section\" data-e-type=\"section\" id=\"protesis-completa\">\n\t\t\t\t\t\t<div class=\"elementor-container elementor-column-gap-default\">\n\t\t\t\t\t<div class=\"elementor-column elementor-col-50 elementor-top-column elementor-element elementor-element-576ebd5\" data-id=\"576ebd5\" data-element_type=\"column\" data-e-type=\"column\" data-settings=\"{&quot;background_background&quot;:&quot;classic&quot;}\">\n\t\t\t<div class=\"elementor-widget-wrap elementor-element-populated\">\n\t\t\t\t\t\t<div class=\"elementor-element elementor-element-65f7111 elementor-invisible elementor-widget elementor-widget-image\" data-id=\"65f7111\" data-element_type=\"widget\" data-e-type=\"widget\" data-settings=\"{&quot;_animation&quot;:&quot;fadeInLeft&quot;}\" data-widget_type=\"image.default\">\n\t\t\t\t<div class=\"elementor-widget-container\">\n\t\t\t\t\t\t\t\t\t\t\t\t\t\t\t<img decoding=\"async\" width=\"667\" height=\"1000\" src=\"https:\/\/diagonaldent.com\/wp-content\/uploads\/2021\/01\/DiagonalDent-protesis-removible-4.jpg\" class=\"attachment-full size-full wp-image-746\" alt=\"Diagonal Dent - Pr\u00f3tesis removibles\" srcset=\"https:\/\/diagonaldent.com\/wp-content\/uploads\/2021\/01\/DiagonalDent-protesis-removible-4.jpg 667w, https:\/\/diagonaldent.com\/wp-content\/uploads\/2021\/01\/DiagonalDent-protesis-removible-4-200x300.jpg 200w\" sizes=\"(max-width: 667px) 100vw, 667px\" \/>\t\t\t\t\t\t\t\t\t\t\t\t\t\t\t<\/div>\n\t\t\t\t<\/div>\n\t\t\t\t\t<\/div>\n\t\t<\/div>\n\t\t\t\t<div class=\"elementor-column elementor-col-50 elementor-top-column elementor-element elementor-element-54a6970\" data-id=\"54a6970\" data-element_type=\"column\" data-e-type=\"column\">\n\t\t\t<div class=\"elementor-widget-wrap elementor-element-populated\">\n\t\t\t\t\t\t<div class=\"elementor-element elementor-element-7d21074 elementor-widget elementor-widget-heading\" data-id=\"7d21074\" data-element_type=\"widget\" data-e-type=\"widget\" data-widget_type=\"heading.default\">\n\t\t\t\t<div class=\"elementor-widget-container\">\n\t\t\t\t\t<h3 class=\"elementor-heading-title elementor-size-default\">Removable prosthetic types<\/h3>\t\t\t\t<\/div>\n\t\t\t\t<\/div>\n\t\t\t\t<div class=\"elementor-element elementor-element-56706e9 elementor-widget elementor-widget-heading\" data-id=\"56706e9\" data-element_type=\"widget\" data-e-type=\"widget\" data-widget_type=\"heading.default\">\n\t\t\t\t<div class=\"elementor-widget-container\">\n\t\t\t\t\t<h4 class=\"elementor-heading-title elementor-size-default\">FULL PROSTHESIS<\/h4>\t\t\t\t<\/div>\n\t\t\t\t<\/div>\n\t\t\t\t<div class=\"elementor-element elementor-element-4872a2c elementor-widget elementor-widget-text-editor\" data-id=\"4872a2c\" data-element_type=\"widget\" data-e-type=\"widget\" data-widget_type=\"text-editor.default\">\n\t\t\t\t<div class=\"elementor-widget-container\">\n\t\t\t\t\t\t\t\t\tThe elaboration of these complete prostheses, both the upper and the lower, consists of several steps that must be performed with meticulousness and great precision, this is because it has to fit perfectly to the gums. Often, these gums have lost a lot of its base as a result of the extractions being old, so they have lost bone height and width, making it difficult to grip the prosthesis to its base.\t\t\t\t\t\t\t\t<\/div>\n\t\t\t\t<\/div>\n\t\t\t\t<div class=\"elementor-element elementor-element-605c88e elementor-widget elementor-widget-heading\" data-id=\"605c88e\" data-element_type=\"widget\" data-e-type=\"widget\" data-widget_type=\"heading.default\">\n\t\t\t\t<div class=\"elementor-widget-container\">\n\t\t\t\t\t<h4 class=\"elementor-heading-title elementor-size-default\">PARTIAL RESIN PROSTHESIS<\/h4>\t\t\t\t<\/div>\n\t\t\t\t<\/div>\n\t\t\t\t<div class=\"elementor-element elementor-element-2f39531 elementor-widget elementor-widget-text-editor\" data-id=\"2f39531\" data-element_type=\"widget\" data-e-type=\"widget\" data-widget_type=\"text-editor.default\">\n\t\t\t\t<div class=\"elementor-widget-container\">\n\t\t\t\t\t\t\t\t\tProvisional dental prostheses are always made of resin, either acrylic or composite, because their elaboration is faster and less expensive for the patient. The resin prosthesis is not a fixed denture, it is removable, which means you can remove and put on your denture yourself.\t\t\t\t\t\t\t\t<\/div>\n\t\t\t\t<\/div>\n\t\t\t\t<div class=\"elementor-element elementor-element-45c7b92 elementor-widget elementor-widget-heading\" data-id=\"45c7b92\" data-element_type=\"widget\" data-e-type=\"widget\" data-widget_type=\"heading.default\">\n\t\t\t\t<div class=\"elementor-widget-container\">\n\t\t\t\t\t<h4 class=\"elementor-heading-title elementor-size-default\">DENTAL SKELETAL<\/h4>\t\t\t\t<\/div>\n\t\t\t\t<\/div>\n\t\t\t\t<div class=\"elementor-element elementor-element-7ff0837 elementor-widget elementor-widget-text-editor\" data-id=\"7ff0837\" data-element_type=\"widget\" data-e-type=\"widget\" data-widget_type=\"text-editor.default\">\n\t\t\t\t<div class=\"elementor-widget-container\">\n\t\t\t\t\t\t\t\t\t<p>The removable denture is used when the patient needs to replace one or more teeth, and the skeleton of the prosthesis is fixed by hooks on the patient&#8217;s adjacent healthy teeth.<\/p><p>As it is removable, the patient has to remove it daily to clean it. You must have a careful hygiene, both from the mouth and the prosthesis if we want to keep it in good condition.<\/p>\t\t\t\t\t\t\t\t<\/div>\n\t\t\t\t<\/div>\n\t\t\t\t\t<\/div>\n\t\t<\/div>\n\t\t\t\t\t<\/div>\n\t\t<\/section>\n\t\t\t\t<section class=\"elementor-section elementor-top-section elementor-element elementor-element-727ccba elementor-section-content-top elementor-reverse-mobile elementor-section-boxed elementor-section-height-default elementor-section-height-default parallax_section_no qode_elementor_container_no\" data-id=\"727ccba\" data-element_type=\"section\" data-e-type=\"section\">\n\t\t\t\t\t\t<div class=\"elementor-container elementor-column-gap-default\">\n\t\t\t\t\t<div class=\"elementor-column elementor-col-50 elementor-top-column elementor-element elementor-element-1d370de\" data-id=\"1d370de\" data-element_type=\"column\" data-e-type=\"column\">\n\t\t\t<div class=\"elementor-widget-wrap elementor-element-populated\">\n\t\t\t\t\t\t<div class=\"elementor-element elementor-element-672c785 elementor-widget elementor-widget-heading\" data-id=\"672c785\" data-element_type=\"widget\" data-e-type=\"widget\" data-widget_type=\"heading.default\">\n\t\t\t\t<div class=\"elementor-widget-container\">\n\t\t\t\t\t<h2 class=\"elementor-heading-title elementor-size-default\">Care<\/h2>\t\t\t\t<\/div>\n\t\t\t\t<\/div>\n\t\t\t\t<div class=\"elementor-element elementor-element-4591cc7 elementor-widget elementor-widget-text-editor\" data-id=\"4591cc7\" data-element_type=\"widget\" data-e-type=\"widget\" data-widget_type=\"text-editor.default\">\n\t\t\t\t<div class=\"elementor-widget-container\">\n\t\t\t\t\t\t\t\t\t<p>Removable prostheses <strong>transfer forces to the teeth<\/strong>, gums and bone, <strong>requiring an adapting time<\/strong>, the duration of which varies by person and prosthetics (usually several weeks).<\/p><p>In the end, you will surely not be aware of wearing prosthetics, but you need to be patient and, during this period of adaptation, go to the consultation to make the necessary adaptations and corrections.<\/p>\t\t\t\t\t\t\t\t<\/div>\n\t\t\t\t<\/div>\n\t\t\t\t\t<\/div>\n\t\t<\/div>\n\t\t\t\t<div class=\"elementor-column elementor-col-50 elementor-top-column elementor-element elementor-element-0fc2414\" data-id=\"0fc2414\" data-element_type=\"column\" data-e-type=\"column\" data-settings=\"{&quot;background_background&quot;:&quot;classic&quot;}\">\n\t\t\t<div class=\"elementor-widget-wrap elementor-element-populated\">\n\t\t\t\t\t\t<div class=\"elementor-element elementor-element-662cd14 elementor-invisible elementor-widget elementor-widget-image\" data-id=\"662cd14\" data-element_type=\"widget\" data-e-type=\"widget\" data-settings=\"{&quot;_animation&quot;:&quot;fadeInRight&quot;}\" data-widget_type=\"image.default\">\n\t\t\t\t<div class=\"elementor-widget-container\">\n\t\t\t\t\t\t\t\t\t\t\t\t\t\t\t<img decoding=\"async\" width=\"1000\" height=\"667\" src=\"https:\/\/diagonaldent.com\/wp-content\/uploads\/2021\/01\/DiagonalDent-protesis-removibles-cuidados.jpg\" class=\"attachment-full size-full wp-image-747\" alt=\"Diagonal Dent - Cuidado de las pr\u00f3tesis removibles\" srcset=\"https:\/\/diagonaldent.com\/wp-content\/uploads\/2021\/01\/DiagonalDent-protesis-removibles-cuidados.jpg 1000w, https:\/\/diagonaldent.com\/wp-content\/uploads\/2021\/01\/DiagonalDent-protesis-removibles-cuidados-300x200.jpg 300w, https:\/\/diagonaldent.com\/wp-content\/uploads\/2021\/01\/DiagonalDent-protesis-removibles-cuidados-768x512.jpg 768w, https:\/\/diagonaldent.com\/wp-content\/uploads\/2021\/01\/DiagonalDent-protesis-removibles-cuidados-700x467.jpg 700w\" sizes=\"(max-width: 1000px) 100vw, 1000px\" \/>\t\t\t\t\t\t\t\t\t\t\t\t\t\t\t<\/div>\n\t\t\t\t<\/div>\n\t\t\t\t\t<\/div>\n\t\t<\/div>\n\t\t\t\t\t<\/div>\n\t\t<\/section>\n\t\t\t\t<\/div>\n\t\t","protected":false},"excerpt":{"rendered":"<p>Removable prostheses What is a removable prosthesis These prosthetic dentistry treatments help replace the dental absences and periodontal tissues that the patient (especially the elderly) has lost in their mouth. In addition to recovering the functionality of the patient&#8217;s teeth (laughing, talking, eating&#8230;) the removable&#8230;<\/p>\n","protected":false},"author":1,"featured_media":0,"parent":1076,"menu_order":0,"comment_status":"closed","ping_status":"closed","template":"elementor_header_footer","meta":{"footnotes":""},"class_list":["post-1086","page","type-page","status-publish","hentry"],"yoast_head":"<!-- This site is optimized with the Yoast SEO plugin v27.3 - https:\/\/yoast.com\/product\/yoast-seo-wordpress\/ -->\n<title>Removable prostheses - DiagonalDent - Cl\u00ednica Dental en Diagonal Mar, Barcelona<\/title>\n<meta name=\"description\" content=\"Tipos de pr\u00f3tesis removibles en nuestra cl\u00ednica dental de Barcelona: Pr\u00f3tesis completa, pr\u00f3tesis parcial de resina, esquel\u00e9tico dental.\" \/>\n<meta name=\"robots\" content=\"index, follow, max-snippet:-1, max-image-preview:large, max-video-preview:-1\" \/>\n<link rel=\"canonical\" href=\"https:\/\/diagonaldent.com\/en\/dental-treatments\/removable-prostheses\/\" \/>\n<meta property=\"og:locale\" content=\"en_US\" \/>\n<meta property=\"og:type\" content=\"article\" \/>\n<meta property=\"og:title\" content=\"Removable prostheses - DiagonalDent - Cl\u00ednica Dental en Diagonal Mar, Barcelona\" \/>\n<meta property=\"og:description\" content=\"Tipos de pr\u00f3tesis removibles en nuestra cl\u00ednica dental de Barcelona: Pr\u00f3tesis completa, pr\u00f3tesis parcial de resina, esquel\u00e9tico dental.\" \/>\n<meta property=\"og:url\" content=\"https:\/\/diagonaldent.com\/en\/dental-treatments\/removable-prostheses\/\" \/>\n<meta property=\"og:site_name\" content=\"DiagonalDent - Cl\u00ednica Dental en Diagonal Mar, Barcelona\" \/>\n<meta property=\"article:modified_time\" content=\"2021-03-10T16:28:46+00:00\" \/>\n<meta property=\"og:image\" content=\"https:\/\/diagonaldent.com\/wp-content\/uploads\/2021\/01\/DiagonalDent-protesis-1.png\" \/>\n<meta name=\"twitter:card\" content=\"summary_large_image\" \/>\n<meta name=\"twitter:label1\" content=\"Est. reading time\" \/>\n\t<meta name=\"twitter:data1\" content=\"3 minutes\" \/>\n<script type=\"application\/ld+json\" class=\"yoast-schema-graph\">{\"@context\":\"https:\\\/\\\/schema.org\",\"@graph\":[{\"@type\":\"WebPage\",\"@id\":\"https:\\\/\\\/diagonaldent.com\\\/en\\\/dental-treatments\\\/removable-prostheses\\\/\",\"url\":\"https:\\\/\\\/diagonaldent.com\\\/en\\\/dental-treatments\\\/removable-prostheses\\\/\",\"name\":\"Removable prostheses - DiagonalDent - Cl\u00ednica Dental en Diagonal Mar, Barcelona\",\"isPartOf\":{\"@id\":\"https:\\\/\\\/diagonaldent.com\\\/#website\"},\"primaryImageOfPage\":{\"@id\":\"https:\\\/\\\/diagonaldent.com\\\/en\\\/dental-treatments\\\/removable-prostheses\\\/#primaryimage\"},\"image\":{\"@id\":\"https:\\\/\\\/diagonaldent.com\\\/en\\\/dental-treatments\\\/removable-prostheses\\\/#primaryimage\"},\"thumbnailUrl\":\"https:\\\/\\\/diagonaldent.com\\\/wp-content\\\/uploads\\\/2021\\\/01\\\/DiagonalDent-protesis-1.png\",\"datePublished\":\"2021-01-20T10:07:06+00:00\",\"dateModified\":\"2021-03-10T16:28:46+00:00\",\"description\":\"Tipos de pr\u00f3tesis removibles en nuestra cl\u00ednica dental de Barcelona: Pr\u00f3tesis completa, pr\u00f3tesis parcial de resina, esquel\u00e9tico dental.\",\"breadcrumb\":{\"@id\":\"https:\\\/\\\/diagonaldent.com\\\/en\\\/dental-treatments\\\/removable-prostheses\\\/#breadcrumb\"},\"inLanguage\":\"en-US\",\"potentialAction\":[{\"@type\":\"ReadAction\",\"target\":[\"https:\\\/\\\/diagonaldent.com\\\/en\\\/dental-treatments\\\/removable-prostheses\\\/\"]}]},{\"@type\":\"ImageObject\",\"inLanguage\":\"en-US\",\"@id\":\"https:\\\/\\\/diagonaldent.com\\\/en\\\/dental-treatments\\\/removable-prostheses\\\/#primaryimage\",\"url\":\"https:\\\/\\\/diagonaldent.com\\\/wp-content\\\/uploads\\\/2021\\\/01\\\/DiagonalDent-protesis-1.png\",\"contentUrl\":\"https:\\\/\\\/diagonaldent.com\\\/wp-content\\\/uploads\\\/2021\\\/01\\\/DiagonalDent-protesis-1.png\"},{\"@type\":\"BreadcrumbList\",\"@id\":\"https:\\\/\\\/diagonaldent.com\\\/en\\\/dental-treatments\\\/removable-prostheses\\\/#breadcrumb\",\"itemListElement\":[{\"@type\":\"ListItem\",\"position\":1,\"name\":\"Portada\",\"item\":\"https:\\\/\\\/diagonaldent.com\\\/en\\\/\"},{\"@type\":\"ListItem\",\"position\":2,\"name\":\"Treatments\",\"item\":\"https:\\\/\\\/diagonaldent.com\\\/en\\\/dental-treatments\\\/\"},{\"@type\":\"ListItem\",\"position\":3,\"name\":\"Removable prostheses\"}]},{\"@type\":\"WebSite\",\"@id\":\"https:\\\/\\\/diagonaldent.com\\\/#website\",\"url\":\"https:\\\/\\\/diagonaldent.com\\\/\",\"name\":\"DiagonalDent - Cl\u00ednica Dental en Diagonal Mar, Barcelona\",\"description\":\"Cl\u00ednica Dental en Barcelona: ortodoncia, implantolog\u00eda y est\u00e9tica dental\",\"publisher\":{\"@id\":\"https:\\\/\\\/diagonaldent.com\\\/#organization\"},\"potentialAction\":[{\"@type\":\"SearchAction\",\"target\":{\"@type\":\"EntryPoint\",\"urlTemplate\":\"https:\\\/\\\/diagonaldent.com\\\/?s={search_term_string}\"},\"query-input\":{\"@type\":\"PropertyValueSpecification\",\"valueRequired\":true,\"valueName\":\"search_term_string\"}}],\"inLanguage\":\"en-US\"},{\"@type\":\"Organization\",\"@id\":\"https:\\\/\\\/diagonaldent.com\\\/#organization\",\"name\":\"DiagonalDent\",\"url\":\"https:\\\/\\\/diagonaldent.com\\\/\",\"logo\":{\"@type\":\"ImageObject\",\"inLanguage\":\"en-US\",\"@id\":\"https:\\\/\\\/diagonaldent.com\\\/#\\\/schema\\\/logo\\\/image\\\/\",\"url\":\"\",\"contentUrl\":\"\",\"caption\":\"DiagonalDent\"},\"image\":{\"@id\":\"https:\\\/\\\/diagonaldent.com\\\/#\\\/schema\\\/logo\\\/image\\\/\"}}]}<\/script>\n<!-- \/ Yoast SEO plugin. -->","yoast_head_json":{"title":"Removable prostheses - DiagonalDent - Cl\u00ednica Dental en Diagonal Mar, Barcelona","description":"Tipos de pr\u00f3tesis removibles en nuestra cl\u00ednica dental de Barcelona: Pr\u00f3tesis completa, pr\u00f3tesis parcial de resina, esquel\u00e9tico dental.","robots":{"index":"index","follow":"follow","max-snippet":"max-snippet:-1","max-image-preview":"max-image-preview:large","max-video-preview":"max-video-preview:-1"},"canonical":"https:\/\/diagonaldent.com\/en\/dental-treatments\/removable-prostheses\/","og_locale":"en_US","og_type":"article","og_title":"Removable prostheses - DiagonalDent - Cl\u00ednica Dental en Diagonal Mar, Barcelona","og_description":"Tipos de pr\u00f3tesis removibles en nuestra cl\u00ednica dental de Barcelona: Pr\u00f3tesis completa, pr\u00f3tesis parcial de resina, esquel\u00e9tico dental.","og_url":"https:\/\/diagonaldent.com\/en\/dental-treatments\/removable-prostheses\/","og_site_name":"DiagonalDent - Cl\u00ednica Dental en Diagonal Mar, Barcelona","article_modified_time":"2021-03-10T16:28:46+00:00","og_image":[{"url":"https:\/\/diagonaldent.com\/wp-content\/uploads\/2021\/01\/DiagonalDent-protesis-1.png","type":"","width":"","height":""}],"twitter_card":"summary_large_image","twitter_misc":{"Est. reading time":"3 minutes"},"schema":{"@context":"https:\/\/schema.org","@graph":[{"@type":"WebPage","@id":"https:\/\/diagonaldent.com\/en\/dental-treatments\/removable-prostheses\/","url":"https:\/\/diagonaldent.com\/en\/dental-treatments\/removable-prostheses\/","name":"Removable prostheses - DiagonalDent - Cl\u00ednica Dental en Diagonal Mar, Barcelona","isPartOf":{"@id":"https:\/\/diagonaldent.com\/#website"},"primaryImageOfPage":{"@id":"https:\/\/diagonaldent.com\/en\/dental-treatments\/removable-prostheses\/#primaryimage"},"image":{"@id":"https:\/\/diagonaldent.com\/en\/dental-treatments\/removable-prostheses\/#primaryimage"},"thumbnailUrl":"https:\/\/diagonaldent.com\/wp-content\/uploads\/2021\/01\/DiagonalDent-protesis-1.png","datePublished":"2021-01-20T10:07:06+00:00","dateModified":"2021-03-10T16:28:46+00:00","description":"Tipos de pr\u00f3tesis removibles en nuestra cl\u00ednica dental de Barcelona: Pr\u00f3tesis completa, pr\u00f3tesis parcial de resina, esquel\u00e9tico dental.","breadcrumb":{"@id":"https:\/\/diagonaldent.com\/en\/dental-treatments\/removable-prostheses\/#breadcrumb"},"inLanguage":"en-US","potentialAction":[{"@type":"ReadAction","target":["https:\/\/diagonaldent.com\/en\/dental-treatments\/removable-prostheses\/"]}]},{"@type":"ImageObject","inLanguage":"en-US","@id":"https:\/\/diagonaldent.com\/en\/dental-treatments\/removable-prostheses\/#primaryimage","url":"https:\/\/diagonaldent.com\/wp-content\/uploads\/2021\/01\/DiagonalDent-protesis-1.png","contentUrl":"https:\/\/diagonaldent.com\/wp-content\/uploads\/2021\/01\/DiagonalDent-protesis-1.png"},{"@type":"BreadcrumbList","@id":"https:\/\/diagonaldent.com\/en\/dental-treatments\/removable-prostheses\/#breadcrumb","itemListElement":[{"@type":"ListItem","position":1,"name":"Portada","item":"https:\/\/diagonaldent.com\/en\/"},{"@type":"ListItem","position":2,"name":"Treatments","item":"https:\/\/diagonaldent.com\/en\/dental-treatments\/"},{"@type":"ListItem","position":3,"name":"Removable prostheses"}]},{"@type":"WebSite","@id":"https:\/\/diagonaldent.com\/#website","url":"https:\/\/diagonaldent.com\/","name":"DiagonalDent - Cl\u00ednica Dental en Diagonal Mar, Barcelona","description":"Cl\u00ednica Dental en Barcelona: ortodoncia, implantolog\u00eda y est\u00e9tica dental","publisher":{"@id":"https:\/\/diagonaldent.com\/#organization"},"potentialAction":[{"@type":"SearchAction","target":{"@type":"EntryPoint","urlTemplate":"https:\/\/diagonaldent.com\/?s={search_term_string}"},"query-input":{"@type":"PropertyValueSpecification","valueRequired":true,"valueName":"search_term_string"}}],"inLanguage":"en-US"},{"@type":"Organization","@id":"https:\/\/diagonaldent.com\/#organization","name":"DiagonalDent","url":"https:\/\/diagonaldent.com\/","logo":{"@type":"ImageObject","inLanguage":"en-US","@id":"https:\/\/diagonaldent.com\/#\/schema\/logo\/image\/","url":"","contentUrl":"","caption":"DiagonalDent"},"image":{"@id":"https:\/\/diagonaldent.com\/#\/schema\/logo\/image\/"}}]}},"_links":{"self":[{"href":"https:\/\/diagonaldent.com\/en\/wp-json\/wp\/v2\/pages\/1086","targetHints":{"allow":["GET"]}}],"collection":[{"href":"https:\/\/diagonaldent.com\/en\/wp-json\/wp\/v2\/pages"}],"about":[{"href":"https:\/\/diagonaldent.com\/en\/wp-json\/wp\/v2\/types\/page"}],"author":[{"embeddable":true,"href":"https:\/\/diagonaldent.com\/en\/wp-json\/wp\/v2\/users\/1"}],"replies":[{"embeddable":true,"href":"https:\/\/diagonaldent.com\/en\/wp-json\/wp\/v2\/comments?post=1086"}],"version-history":[{"count":4,"href":"https:\/\/diagonaldent.com\/en\/wp-json\/wp\/v2\/pages\/1086\/revisions"}],"predecessor-version":[{"id":1328,"href":"https:\/\/diagonaldent.com\/en\/wp-json\/wp\/v2\/pages\/1086\/revisions\/1328"}],"up":[{"embeddable":true,"href":"https:\/\/diagonaldent.com\/en\/wp-json\/wp\/v2\/pages\/1076"}],"wp:attachment":[{"href":"https:\/\/diagonaldent.com\/en\/wp-json\/wp\/v2\/media?parent=1086"}],"curies":[{"name":"wp","href":"https:\/\/api.w.org\/{rel}","templated":true}]}}