{"id":1084,"date":"2021-01-20T10:15:17","date_gmt":"2021-01-20T09:15:17","guid":{"rendered":"https:\/\/diagonaldent.com\/tratamientos\/protesis-fija\/"},"modified":"2021-03-10T17:09:05","modified_gmt":"2021-03-10T16:09:05","slug":"fixed-prosthesis","status":"publish","type":"page","link":"https:\/\/diagonaldent.com\/en\/dental-treatments\/fixed-prosthesis\/","title":{"rendered":"Fixed prosthesis"},"content":{"rendered":"\t\t<div data-elementor-type=\"wp-page\" data-elementor-id=\"1084\" class=\"elementor elementor-1084\">\n\t\t\t\t\t\t<section class=\"elementor-section elementor-top-section elementor-element elementor-element-c548982 elementor-section-height-min-height elementor-section-boxed elementor-section-height-default elementor-section-items-middle parallax_section_no qode_elementor_container_no\" data-id=\"c548982\" data-element_type=\"section\" data-e-type=\"section\" data-settings=\"{&quot;background_background&quot;:&quot;classic&quot;}\">\n\t\t\t\t\t\t\t<div class=\"elementor-background-overlay\"><\/div>\n\t\t\t\t\t\t\t<div class=\"elementor-container elementor-column-gap-default\">\n\t\t\t\t\t<div class=\"elementor-column elementor-col-100 elementor-top-column elementor-element elementor-element-1071739\" data-id=\"1071739\" data-element_type=\"column\" data-e-type=\"column\">\n\t\t\t<div class=\"elementor-widget-wrap elementor-element-populated\">\n\t\t\t\t\t\t<div class=\"elementor-element elementor-element-92bc8f9 elementor-widget elementor-widget-heading\" data-id=\"92bc8f9\" data-element_type=\"widget\" data-e-type=\"widget\" data-widget_type=\"heading.default\">\n\t\t\t\t<div class=\"elementor-widget-container\">\n\t\t\t\t\t<h1 class=\"elementor-heading-title elementor-size-default\">Fixed prosthesis<\/h1>\t\t\t\t<\/div>\n\t\t\t\t<\/div>\n\t\t\t\t\t<\/div>\n\t\t<\/div>\n\t\t\t\t\t<\/div>\n\t\t<\/section>\n\t\t\t\t<section class=\"elementor-section elementor-top-section elementor-element elementor-element-3d92d8a elementor-section-content-top elementor-reverse-mobile elementor-section-boxed elementor-section-height-default elementor-section-height-default parallax_section_no qode_elementor_container_no\" data-id=\"3d92d8a\" data-element_type=\"section\" data-e-type=\"section\" id=\"reconstruccion-caries\">\n\t\t\t\t\t\t<div class=\"elementor-container elementor-column-gap-default\">\n\t\t\t\t\t<div class=\"elementor-column elementor-col-50 elementor-top-column elementor-element elementor-element-5fb77c1\" data-id=\"5fb77c1\" data-element_type=\"column\" data-e-type=\"column\">\n\t\t\t<div class=\"elementor-widget-wrap elementor-element-populated\">\n\t\t\t\t\t\t<div class=\"elementor-element elementor-element-05ad0ef elementor-widget elementor-widget-heading\" data-id=\"05ad0ef\" data-element_type=\"widget\" data-e-type=\"widget\" data-widget_type=\"heading.default\">\n\t\t\t\t<div class=\"elementor-widget-container\">\n\t\t\t\t\t<h2 class=\"elementor-heading-title elementor-size-default\">Fixed prosthesis: What is it?<\/h2>\t\t\t\t<\/div>\n\t\t\t\t<\/div>\n\t\t\t\t<div class=\"elementor-element elementor-element-43a8610 elementor-widget elementor-widget-text-editor\" data-id=\"43a8610\" data-element_type=\"widget\" data-e-type=\"widget\" data-widget_type=\"text-editor.default\">\n\t\t\t\t<div class=\"elementor-widget-container\">\n\t\t\t\t\t\t\t\t\t<p>Fixed dentures are those that are attached to the patient\u2019s mouth permanently and therefore cannot be removed.<\/p><p>Unlike removable ones, the patient does not need to remove them to clean them and has no problem with leaking of food scraps.<\/p><p>Also, when fully fixed, they do not need to go through a period of adaptation, as is the case, for example, with the more traditional removable dentures, which can be uncomfortable for the first few days when speaking.<\/p>\t\t\t\t\t\t\t\t<\/div>\n\t\t\t\t<\/div>\n\t\t\t\t\t<\/div>\n\t\t<\/div>\n\t\t\t\t<div class=\"elementor-column elementor-col-50 elementor-top-column elementor-element elementor-element-df29cda\" data-id=\"df29cda\" data-element_type=\"column\" data-e-type=\"column\" data-settings=\"{&quot;background_background&quot;:&quot;classic&quot;}\">\n\t\t\t<div class=\"elementor-widget-wrap elementor-element-populated\">\n\t\t\t\t\t\t<div class=\"elementor-element elementor-element-88ea5d7 elementor-invisible elementor-widget elementor-widget-image\" data-id=\"88ea5d7\" data-element_type=\"widget\" data-e-type=\"widget\" data-settings=\"{&quot;_animation&quot;:&quot;fadeInRight&quot;}\" data-widget_type=\"image.default\">\n\t\t\t\t<div class=\"elementor-widget-container\">\n\t\t\t\t\t\t\t\t\t\t\t\t\t\t\t<img fetchpriority=\"high\" decoding=\"async\" width=\"527\" height=\"485\" src=\"https:\/\/diagonaldent.com\/wp-content\/uploads\/2021\/01\/DiagonalDent-protesis-fija-1.png\" class=\"attachment-full size-full wp-image-577\" alt=\"Diagonal Dent - Pr\u00f3tesis fijas\" srcset=\"https:\/\/diagonaldent.com\/wp-content\/uploads\/2021\/01\/DiagonalDent-protesis-fija-1.png 527w, https:\/\/diagonaldent.com\/wp-content\/uploads\/2021\/01\/DiagonalDent-protesis-fija-1-300x276.png 300w\" sizes=\"(max-width: 527px) 100vw, 527px\" \/>\t\t\t\t\t\t\t\t\t\t\t\t\t\t\t<\/div>\n\t\t\t\t<\/div>\n\t\t\t\t\t<\/div>\n\t\t<\/div>\n\t\t\t\t\t<\/div>\n\t\t<\/section>\n\t\t\t\t<section class=\"elementor-section elementor-top-section elementor-element elementor-element-80ea708 elementor-section-content-top elementor-section-boxed elementor-section-height-default elementor-section-height-default parallax_section_no qode_elementor_container_no\" data-id=\"80ea708\" data-element_type=\"section\" data-e-type=\"section\" id=\"limpieza-dental-profesional\">\n\t\t\t\t\t\t<div class=\"elementor-container elementor-column-gap-default\">\n\t\t\t\t\t<div class=\"elementor-column elementor-col-50 elementor-top-column elementor-element elementor-element-576ebd5\" data-id=\"576ebd5\" data-element_type=\"column\" data-e-type=\"column\" data-settings=\"{&quot;background_background&quot;:&quot;classic&quot;}\">\n\t\t\t<div class=\"elementor-widget-wrap elementor-element-populated\">\n\t\t\t\t\t\t<div class=\"elementor-element elementor-element-65f7111 elementor-invisible elementor-widget elementor-widget-image\" data-id=\"65f7111\" data-element_type=\"widget\" data-e-type=\"widget\" data-settings=\"{&quot;_animation&quot;:&quot;fadeInLeft&quot;}\" data-widget_type=\"image.default\">\n\t\t\t\t<div class=\"elementor-widget-container\">\n\t\t\t\t\t\t\t\t\t\t\t\t\t\t\t<img decoding=\"async\" width=\"889\" height=\"1500\" src=\"https:\/\/diagonaldent.com\/wp-content\/uploads\/2021\/01\/DiagonalDent-protesisfija.jpg\" class=\"attachment-full size-full wp-image-621\" alt=\"Diagonal Dent - Pr\u00f3tesis fijas\" srcset=\"https:\/\/diagonaldent.com\/wp-content\/uploads\/2021\/01\/DiagonalDent-protesisfija.jpg 889w, https:\/\/diagonaldent.com\/wp-content\/uploads\/2021\/01\/DiagonalDent-protesisfija-178x300.jpg 178w, https:\/\/diagonaldent.com\/wp-content\/uploads\/2021\/01\/DiagonalDent-protesisfija-593x1000.jpg 593w, https:\/\/diagonaldent.com\/wp-content\/uploads\/2021\/01\/DiagonalDent-protesisfija-768x1296.jpg 768w, https:\/\/diagonaldent.com\/wp-content\/uploads\/2021\/01\/DiagonalDent-protesisfija-700x1181.jpg 700w\" sizes=\"(max-width: 889px) 100vw, 889px\" \/>\t\t\t\t\t\t\t\t\t\t\t\t\t\t\t<\/div>\n\t\t\t\t<\/div>\n\t\t\t\t\t<\/div>\n\t\t<\/div>\n\t\t\t\t<div class=\"elementor-column elementor-col-50 elementor-top-column elementor-element elementor-element-54a6970\" data-id=\"54a6970\" data-element_type=\"column\" data-e-type=\"column\">\n\t\t\t<div class=\"elementor-widget-wrap elementor-element-populated\">\n\t\t\t\t\t\t<div class=\"elementor-element elementor-element-7d21074 elementor-widget elementor-widget-heading\" data-id=\"7d21074\" data-element_type=\"widget\" data-e-type=\"widget\" data-widget_type=\"heading.default\">\n\t\t\t\t<div class=\"elementor-widget-container\">\n\t\t\t\t\t<h3 class=\"elementor-heading-title elementor-size-default\">Types of fixed prosthetics<\/h3>\t\t\t\t<\/div>\n\t\t\t\t<\/div>\n\t\t\t\t<div class=\"elementor-element elementor-element-56706e9 elementor-widget elementor-widget-heading\" data-id=\"56706e9\" data-element_type=\"widget\" data-e-type=\"widget\" data-widget_type=\"heading.default\">\n\t\t\t\t<div class=\"elementor-widget-container\">\n\t\t\t\t\t<h4 class=\"elementor-heading-title elementor-size-default\">CROWNS<\/h4>\t\t\t\t<\/div>\n\t\t\t\t<\/div>\n\t\t\t\t<div class=\"elementor-element elementor-element-4872a2c elementor-widget elementor-widget-text-editor\" data-id=\"4872a2c\" data-element_type=\"widget\" data-e-type=\"widget\" data-widget_type=\"text-editor.default\">\n\t\t\t\t<div class=\"elementor-widget-container\">\n\t\t\t\t\t\t\t\t\t<p>There are two types of Crowns: the <strong>Metal-Ceramic Crown<\/strong> and the <strong>Zirconium Aesthetic Crown<\/strong>.<\/p><p>In the Metal-Ceramic Crown its inner part is made of metal, and the outer part is coated with porcelain giving a more natural look to the new tooth.<\/p><p>Zirconium Aesthetic Crowns are the most aesthetic we can find to restore teeth. Being made entirely of zirconium, they will never lose their color and we will choose the most suitable tone for the patient. Zirconium is a totally biocompatible material with the body so the patient will not have an allergic rejection or any gum inflammation caused due to the material.<\/p>\t\t\t\t\t\t\t\t<\/div>\n\t\t\t\t<\/div>\n\t\t\t\t<div class=\"elementor-element elementor-element-ee85638 elementor-widget elementor-widget-heading\" data-id=\"ee85638\" data-element_type=\"widget\" data-e-type=\"widget\" data-widget_type=\"heading.default\">\n\t\t\t\t<div class=\"elementor-widget-container\">\n\t\t\t\t\t<h4 class=\"elementor-heading-title elementor-size-default\">PORCELAIN VENEERS<\/h4>\t\t\t\t<\/div>\n\t\t\t\t<\/div>\n\t\t\t\t<div class=\"elementor-element elementor-element-2033980 elementor-widget elementor-widget-text-editor\" data-id=\"2033980\" data-element_type=\"widget\" data-e-type=\"widget\" data-widget_type=\"text-editor.default\">\n\t\t\t\t<div class=\"elementor-widget-container\">\n\t\t\t\t\t\t\t\t\tVeneers are thin sheets of porcelain, which are placed covering the anterior surface of the teeth, and joined with a special cement. This treatment is usually done to: correct stains of color of teeth that cannot be solved with a whitening treatment, for diastema closure, correcting the tooth shape and achieving a more aesthetic look, and to conceal alterations in size or tooth shapes achieving a more aesthetic look.\t\t\t\t\t\t\t\t<\/div>\n\t\t\t\t<\/div>\n\t\t\t\t<div class=\"elementor-element elementor-element-b38ba9a elementor-widget elementor-widget-heading\" data-id=\"b38ba9a\" data-element_type=\"widget\" data-e-type=\"widget\" data-widget_type=\"heading.default\">\n\t\t\t\t<div class=\"elementor-widget-container\">\n\t\t\t\t\t<h4 class=\"elementor-heading-title elementor-size-default\">BRIDGE<\/h4>\t\t\t\t<\/div>\n\t\t\t\t<\/div>\n\t\t\t\t<div class=\"elementor-element elementor-element-b4f5b65 elementor-widget elementor-widget-text-editor\" data-id=\"b4f5b65\" data-element_type=\"widget\" data-e-type=\"widget\" data-widget_type=\"text-editor.default\">\n\t\t\t\t<div class=\"elementor-widget-container\">\n\t\t\t\t\t\t\t\t\tA fixed dental bridge is a type of denture that rests on healthy teeth that the patient still keeps in its mouth. Normally, fixed partial prostheses (as they are also called) replace adjacent missing teeth which were together in the patient&#8217;s mouth. Along with dental implants, these fixed partial prostheses are the best solution for people who have lost one or more natural teeth.\t\t\t\t\t\t\t\t<\/div>\n\t\t\t\t<\/div>\n\t\t\t\t\t<\/div>\n\t\t<\/div>\n\t\t\t\t\t<\/div>\n\t\t<\/section>\n\t\t\t\t<section class=\"elementor-section elementor-top-section elementor-element elementor-element-727ccba elementor-section-content-top elementor-reverse-mobile elementor-section-boxed elementor-section-height-default elementor-section-height-default parallax_section_no qode_elementor_container_no\" data-id=\"727ccba\" data-element_type=\"section\" data-e-type=\"section\">\n\t\t\t\t\t\t<div class=\"elementor-container elementor-column-gap-default\">\n\t\t\t\t\t<div class=\"elementor-column elementor-col-50 elementor-top-column elementor-element elementor-element-1d370de\" data-id=\"1d370de\" data-element_type=\"column\" data-e-type=\"column\">\n\t\t\t<div class=\"elementor-widget-wrap elementor-element-populated\">\n\t\t\t\t\t\t<div class=\"elementor-element elementor-element-672c785 elementor-widget elementor-widget-heading\" data-id=\"672c785\" data-element_type=\"widget\" data-e-type=\"widget\" data-widget_type=\"heading.default\">\n\t\t\t\t<div class=\"elementor-widget-container\">\n\t\t\t\t\t<h2 class=\"elementor-heading-title elementor-size-default\">Care<\/h2>\t\t\t\t<\/div>\n\t\t\t\t<\/div>\n\t\t\t\t<div class=\"elementor-element elementor-element-4591cc7 elementor-widget elementor-widget-text-editor\" data-id=\"4591cc7\" data-element_type=\"widget\" data-e-type=\"widget\" data-widget_type=\"text-editor.default\">\n\t\t\t\t<div class=\"elementor-widget-container\">\n\t\t\t\t\t\t\t\t\tTo achieve proper functioning, you must carefully follow the use and maintenance instructions provided at the clinic, which will facilitate the utilization of the prosthetic elements of your treatment and extend their duration under appropriate conditions.\t\t\t\t\t\t\t\t<\/div>\n\t\t\t\t<\/div>\n\t\t\t\t\t<\/div>\n\t\t<\/div>\n\t\t\t\t<div class=\"elementor-column elementor-col-50 elementor-top-column elementor-element elementor-element-0fc2414\" data-id=\"0fc2414\" data-element_type=\"column\" data-e-type=\"column\" data-settings=\"{&quot;background_background&quot;:&quot;classic&quot;}\">\n\t\t\t<div class=\"elementor-widget-wrap elementor-element-populated\">\n\t\t\t\t\t\t<div class=\"elementor-element elementor-element-662cd14 elementor-invisible elementor-widget elementor-widget-image\" data-id=\"662cd14\" data-element_type=\"widget\" data-e-type=\"widget\" data-settings=\"{&quot;_animation&quot;:&quot;fadeInRight&quot;}\" data-widget_type=\"image.default\">\n\t\t\t\t<div class=\"elementor-widget-container\">\n\t\t\t\t\t\t\t\t\t\t\t\t\t\t\t<img decoding=\"async\" width=\"1000\" height=\"667\" src=\"https:\/\/diagonaldent.com\/wp-content\/uploads\/2021\/01\/DiagonalDent-protesisfijas-cuidados.jpg\" class=\"attachment-full size-full wp-image-744\" alt=\"Diagonal Dent - Cuidado de las pr\u00f3tesis fijas\" srcset=\"https:\/\/diagonaldent.com\/wp-content\/uploads\/2021\/01\/DiagonalDent-protesisfijas-cuidados.jpg 1000w, https:\/\/diagonaldent.com\/wp-content\/uploads\/2021\/01\/DiagonalDent-protesisfijas-cuidados-300x200.jpg 300w, https:\/\/diagonaldent.com\/wp-content\/uploads\/2021\/01\/DiagonalDent-protesisfijas-cuidados-768x512.jpg 768w, https:\/\/diagonaldent.com\/wp-content\/uploads\/2021\/01\/DiagonalDent-protesisfijas-cuidados-700x467.jpg 700w\" sizes=\"(max-width: 1000px) 100vw, 1000px\" \/>\t\t\t\t\t\t\t\t\t\t\t\t\t\t\t<\/div>\n\t\t\t\t<\/div>\n\t\t\t\t\t<\/div>\n\t\t<\/div>\n\t\t\t\t\t<\/div>\n\t\t<\/section>\n\t\t\t\t<\/div>\n\t\t","protected":false},"excerpt":{"rendered":"<p>Fixed prosthesis Fixed prosthesis: What is it? Fixed dentures are those that are attached to the patient\u2019s mouth permanently and therefore cannot be removed. Unlike removable ones, the patient does not need to remove them to clean them and has no problem with leaking of&#8230;<\/p>\n","protected":false},"author":1,"featured_media":0,"parent":1076,"menu_order":0,"comment_status":"closed","ping_status":"closed","template":"elementor_header_footer","meta":{"footnotes":""},"class_list":["post-1084","page","type-page","status-publish","hentry"],"yoast_head":"<!-- This site is optimized with the Yoast SEO plugin v27.3 - https:\/\/yoast.com\/product\/yoast-seo-wordpress\/ -->\n<title>Fixed prosthesis - DiagonalDent - Cl\u00ednica Dental en Diagonal Mar, Barcelona<\/title>\n<meta name=\"description\" content=\"En nuestra cl\u00ednica dental de Barcelona realizamos diferentes tipos de pr\u00f3tesis dental fija: Corona metal-ceramica, Puente o Carilla est\u00e9tica.\" \/>\n<meta name=\"robots\" content=\"index, follow, max-snippet:-1, max-image-preview:large, max-video-preview:-1\" \/>\n<link rel=\"canonical\" href=\"https:\/\/diagonaldent.com\/en\/dental-treatments\/fixed-prosthesis\/\" \/>\n<meta property=\"og:locale\" content=\"en_US\" \/>\n<meta property=\"og:type\" content=\"article\" \/>\n<meta property=\"og:title\" content=\"Fixed prosthesis - DiagonalDent - Cl\u00ednica Dental en Diagonal Mar, Barcelona\" \/>\n<meta property=\"og:description\" content=\"En nuestra cl\u00ednica dental de Barcelona realizamos diferentes tipos de pr\u00f3tesis dental fija: Corona metal-ceramica, Puente o Carilla est\u00e9tica.\" \/>\n<meta property=\"og:url\" content=\"https:\/\/diagonaldent.com\/en\/dental-treatments\/fixed-prosthesis\/\" \/>\n<meta property=\"og:site_name\" content=\"DiagonalDent - Cl\u00ednica Dental en Diagonal Mar, Barcelona\" \/>\n<meta property=\"article:modified_time\" content=\"2021-03-10T16:09:05+00:00\" \/>\n<meta property=\"og:image\" content=\"https:\/\/diagonaldent.com\/wp-content\/uploads\/2021\/01\/DiagonalDent-protesis-fija-1.png\" \/>\n<meta name=\"twitter:card\" content=\"summary_large_image\" \/>\n<meta name=\"twitter:label1\" content=\"Est. reading time\" \/>\n\t<meta name=\"twitter:data1\" content=\"3 minutes\" \/>\n<script type=\"application\/ld+json\" class=\"yoast-schema-graph\">{\"@context\":\"https:\\\/\\\/schema.org\",\"@graph\":[{\"@type\":\"WebPage\",\"@id\":\"https:\\\/\\\/diagonaldent.com\\\/en\\\/dental-treatments\\\/fixed-prosthesis\\\/\",\"url\":\"https:\\\/\\\/diagonaldent.com\\\/en\\\/dental-treatments\\\/fixed-prosthesis\\\/\",\"name\":\"Fixed prosthesis - DiagonalDent - Cl\u00ednica Dental en Diagonal Mar, Barcelona\",\"isPartOf\":{\"@id\":\"https:\\\/\\\/diagonaldent.com\\\/#website\"},\"primaryImageOfPage\":{\"@id\":\"https:\\\/\\\/diagonaldent.com\\\/en\\\/dental-treatments\\\/fixed-prosthesis\\\/#primaryimage\"},\"image\":{\"@id\":\"https:\\\/\\\/diagonaldent.com\\\/en\\\/dental-treatments\\\/fixed-prosthesis\\\/#primaryimage\"},\"thumbnailUrl\":\"https:\\\/\\\/diagonaldent.com\\\/wp-content\\\/uploads\\\/2021\\\/01\\\/DiagonalDent-protesis-fija-1.png\",\"datePublished\":\"2021-01-20T09:15:17+00:00\",\"dateModified\":\"2021-03-10T16:09:05+00:00\",\"description\":\"En nuestra cl\u00ednica dental de Barcelona realizamos diferentes tipos de pr\u00f3tesis dental fija: Corona metal-ceramica, Puente o Carilla est\u00e9tica.\",\"breadcrumb\":{\"@id\":\"https:\\\/\\\/diagonaldent.com\\\/en\\\/dental-treatments\\\/fixed-prosthesis\\\/#breadcrumb\"},\"inLanguage\":\"en-US\",\"potentialAction\":[{\"@type\":\"ReadAction\",\"target\":[\"https:\\\/\\\/diagonaldent.com\\\/en\\\/dental-treatments\\\/fixed-prosthesis\\\/\"]}]},{\"@type\":\"ImageObject\",\"inLanguage\":\"en-US\",\"@id\":\"https:\\\/\\\/diagonaldent.com\\\/en\\\/dental-treatments\\\/fixed-prosthesis\\\/#primaryimage\",\"url\":\"https:\\\/\\\/diagonaldent.com\\\/wp-content\\\/uploads\\\/2021\\\/01\\\/DiagonalDent-protesis-fija-1.png\",\"contentUrl\":\"https:\\\/\\\/diagonaldent.com\\\/wp-content\\\/uploads\\\/2021\\\/01\\\/DiagonalDent-protesis-fija-1.png\"},{\"@type\":\"BreadcrumbList\",\"@id\":\"https:\\\/\\\/diagonaldent.com\\\/en\\\/dental-treatments\\\/fixed-prosthesis\\\/#breadcrumb\",\"itemListElement\":[{\"@type\":\"ListItem\",\"position\":1,\"name\":\"Portada\",\"item\":\"https:\\\/\\\/diagonaldent.com\\\/en\\\/\"},{\"@type\":\"ListItem\",\"position\":2,\"name\":\"Treatments\",\"item\":\"https:\\\/\\\/diagonaldent.com\\\/en\\\/dental-treatments\\\/\"},{\"@type\":\"ListItem\",\"position\":3,\"name\":\"Fixed prosthesis\"}]},{\"@type\":\"WebSite\",\"@id\":\"https:\\\/\\\/diagonaldent.com\\\/#website\",\"url\":\"https:\\\/\\\/diagonaldent.com\\\/\",\"name\":\"DiagonalDent - Cl\u00ednica Dental en Diagonal Mar, Barcelona\",\"description\":\"Cl\u00ednica Dental en Barcelona: ortodoncia, implantolog\u00eda y est\u00e9tica dental\",\"publisher\":{\"@id\":\"https:\\\/\\\/diagonaldent.com\\\/#organization\"},\"potentialAction\":[{\"@type\":\"SearchAction\",\"target\":{\"@type\":\"EntryPoint\",\"urlTemplate\":\"https:\\\/\\\/diagonaldent.com\\\/?s={search_term_string}\"},\"query-input\":{\"@type\":\"PropertyValueSpecification\",\"valueRequired\":true,\"valueName\":\"search_term_string\"}}],\"inLanguage\":\"en-US\"},{\"@type\":\"Organization\",\"@id\":\"https:\\\/\\\/diagonaldent.com\\\/#organization\",\"name\":\"DiagonalDent\",\"url\":\"https:\\\/\\\/diagonaldent.com\\\/\",\"logo\":{\"@type\":\"ImageObject\",\"inLanguage\":\"en-US\",\"@id\":\"https:\\\/\\\/diagonaldent.com\\\/#\\\/schema\\\/logo\\\/image\\\/\",\"url\":\"\",\"contentUrl\":\"\",\"caption\":\"DiagonalDent\"},\"image\":{\"@id\":\"https:\\\/\\\/diagonaldent.com\\\/#\\\/schema\\\/logo\\\/image\\\/\"}}]}<\/script>\n<!-- \/ Yoast SEO plugin. -->","yoast_head_json":{"title":"Fixed prosthesis - DiagonalDent - Cl\u00ednica Dental en Diagonal Mar, Barcelona","description":"En nuestra cl\u00ednica dental de Barcelona realizamos diferentes tipos de pr\u00f3tesis dental fija: Corona metal-ceramica, Puente o Carilla est\u00e9tica.","robots":{"index":"index","follow":"follow","max-snippet":"max-snippet:-1","max-image-preview":"max-image-preview:large","max-video-preview":"max-video-preview:-1"},"canonical":"https:\/\/diagonaldent.com\/en\/dental-treatments\/fixed-prosthesis\/","og_locale":"en_US","og_type":"article","og_title":"Fixed prosthesis - DiagonalDent - Cl\u00ednica Dental en Diagonal Mar, Barcelona","og_description":"En nuestra cl\u00ednica dental de Barcelona realizamos diferentes tipos de pr\u00f3tesis dental fija: Corona metal-ceramica, Puente o Carilla est\u00e9tica.","og_url":"https:\/\/diagonaldent.com\/en\/dental-treatments\/fixed-prosthesis\/","og_site_name":"DiagonalDent - Cl\u00ednica Dental en Diagonal Mar, Barcelona","article_modified_time":"2021-03-10T16:09:05+00:00","og_image":[{"url":"https:\/\/diagonaldent.com\/wp-content\/uploads\/2021\/01\/DiagonalDent-protesis-fija-1.png","type":"","width":"","height":""}],"twitter_card":"summary_large_image","twitter_misc":{"Est. reading time":"3 minutes"},"schema":{"@context":"https:\/\/schema.org","@graph":[{"@type":"WebPage","@id":"https:\/\/diagonaldent.com\/en\/dental-treatments\/fixed-prosthesis\/","url":"https:\/\/diagonaldent.com\/en\/dental-treatments\/fixed-prosthesis\/","name":"Fixed prosthesis - DiagonalDent - Cl\u00ednica Dental en Diagonal Mar, Barcelona","isPartOf":{"@id":"https:\/\/diagonaldent.com\/#website"},"primaryImageOfPage":{"@id":"https:\/\/diagonaldent.com\/en\/dental-treatments\/fixed-prosthesis\/#primaryimage"},"image":{"@id":"https:\/\/diagonaldent.com\/en\/dental-treatments\/fixed-prosthesis\/#primaryimage"},"thumbnailUrl":"https:\/\/diagonaldent.com\/wp-content\/uploads\/2021\/01\/DiagonalDent-protesis-fija-1.png","datePublished":"2021-01-20T09:15:17+00:00","dateModified":"2021-03-10T16:09:05+00:00","description":"En nuestra cl\u00ednica dental de Barcelona realizamos diferentes tipos de pr\u00f3tesis dental fija: Corona metal-ceramica, Puente o Carilla est\u00e9tica.","breadcrumb":{"@id":"https:\/\/diagonaldent.com\/en\/dental-treatments\/fixed-prosthesis\/#breadcrumb"},"inLanguage":"en-US","potentialAction":[{"@type":"ReadAction","target":["https:\/\/diagonaldent.com\/en\/dental-treatments\/fixed-prosthesis\/"]}]},{"@type":"ImageObject","inLanguage":"en-US","@id":"https:\/\/diagonaldent.com\/en\/dental-treatments\/fixed-prosthesis\/#primaryimage","url":"https:\/\/diagonaldent.com\/wp-content\/uploads\/2021\/01\/DiagonalDent-protesis-fija-1.png","contentUrl":"https:\/\/diagonaldent.com\/wp-content\/uploads\/2021\/01\/DiagonalDent-protesis-fija-1.png"},{"@type":"BreadcrumbList","@id":"https:\/\/diagonaldent.com\/en\/dental-treatments\/fixed-prosthesis\/#breadcrumb","itemListElement":[{"@type":"ListItem","position":1,"name":"Portada","item":"https:\/\/diagonaldent.com\/en\/"},{"@type":"ListItem","position":2,"name":"Treatments","item":"https:\/\/diagonaldent.com\/en\/dental-treatments\/"},{"@type":"ListItem","position":3,"name":"Fixed prosthesis"}]},{"@type":"WebSite","@id":"https:\/\/diagonaldent.com\/#website","url":"https:\/\/diagonaldent.com\/","name":"DiagonalDent - Cl\u00ednica Dental en Diagonal Mar, Barcelona","description":"Cl\u00ednica Dental en Barcelona: ortodoncia, implantolog\u00eda y est\u00e9tica dental","publisher":{"@id":"https:\/\/diagonaldent.com\/#organization"},"potentialAction":[{"@type":"SearchAction","target":{"@type":"EntryPoint","urlTemplate":"https:\/\/diagonaldent.com\/?s={search_term_string}"},"query-input":{"@type":"PropertyValueSpecification","valueRequired":true,"valueName":"search_term_string"}}],"inLanguage":"en-US"},{"@type":"Organization","@id":"https:\/\/diagonaldent.com\/#organization","name":"DiagonalDent","url":"https:\/\/diagonaldent.com\/","logo":{"@type":"ImageObject","inLanguage":"en-US","@id":"https:\/\/diagonaldent.com\/#\/schema\/logo\/image\/","url":"","contentUrl":"","caption":"DiagonalDent"},"image":{"@id":"https:\/\/diagonaldent.com\/#\/schema\/logo\/image\/"}}]}},"_links":{"self":[{"href":"https:\/\/diagonaldent.com\/en\/wp-json\/wp\/v2\/pages\/1084","targetHints":{"allow":["GET"]}}],"collection":[{"href":"https:\/\/diagonaldent.com\/en\/wp-json\/wp\/v2\/pages"}],"about":[{"href":"https:\/\/diagonaldent.com\/en\/wp-json\/wp\/v2\/types\/page"}],"author":[{"embeddable":true,"href":"https:\/\/diagonaldent.com\/en\/wp-json\/wp\/v2\/users\/1"}],"replies":[{"embeddable":true,"href":"https:\/\/diagonaldent.com\/en\/wp-json\/wp\/v2\/comments?post=1084"}],"version-history":[{"count":7,"href":"https:\/\/diagonaldent.com\/en\/wp-json\/wp\/v2\/pages\/1084\/revisions"}],"predecessor-version":[{"id":1319,"href":"https:\/\/diagonaldent.com\/en\/wp-json\/wp\/v2\/pages\/1084\/revisions\/1319"}],"up":[{"embeddable":true,"href":"https:\/\/diagonaldent.com\/en\/wp-json\/wp\/v2\/pages\/1076"}],"wp:attachment":[{"href":"https:\/\/diagonaldent.com\/en\/wp-json\/wp\/v2\/media?parent=1084"}],"curies":[{"name":"wp","href":"https:\/\/api.w.org\/{rel}","templated":true}]}}