{"id":1072,"date":"2020-11-30T11:19:30","date_gmt":"2020-11-30T10:19:30","guid":{"rendered":"https:\/\/diagonaldent.com\/dentista-para-ninos\/"},"modified":"2021-03-10T16:31:18","modified_gmt":"2021-03-10T15:31:18","slug":"dentist-for-children-in-barcelona","status":"publish","type":"page","link":"https:\/\/diagonaldent.com\/en\/dentist-for-children-in-barcelona\/","title":{"rendered":"Dentist for children"},"content":{"rendered":"\t\t<div data-elementor-type=\"wp-page\" data-elementor-id=\"1072\" class=\"elementor elementor-1072\">\n\t\t\t\t\t\t<section class=\"elementor-section elementor-top-section elementor-element elementor-element-c548982 elementor-section-height-min-height elementor-section-boxed elementor-section-height-default elementor-section-items-middle parallax_section_no qode_elementor_container_no\" data-id=\"c548982\" data-element_type=\"section\" data-e-type=\"section\" data-settings=\"{&quot;background_background&quot;:&quot;classic&quot;}\">\n\t\t\t\t\t\t<div class=\"elementor-container elementor-column-gap-default\">\n\t\t\t\t\t<div class=\"elementor-column elementor-col-100 elementor-top-column elementor-element elementor-element-1071739\" data-id=\"1071739\" data-element_type=\"column\" data-e-type=\"column\">\n\t\t\t<div class=\"elementor-widget-wrap\">\n\t\t\t\t\t\t\t<\/div>\n\t\t<\/div>\n\t\t\t\t\t<\/div>\n\t\t<\/section>\n\t\t\t\t<section class=\"elementor-section elementor-top-section elementor-element elementor-element-1e8485c elementor-section-content-middle elementor-section-boxed elementor-section-height-default elementor-section-height-default parallax_section_no qode_elementor_container_no\" data-id=\"1e8485c\" data-element_type=\"section\" data-e-type=\"section\">\n\t\t\t\t\t\t<div class=\"elementor-container elementor-column-gap-wide\">\n\t\t\t\t\t<div class=\"elementor-column elementor-col-50 elementor-top-column elementor-element elementor-element-8c4d5fd\" data-id=\"8c4d5fd\" data-element_type=\"column\" data-e-type=\"column\" data-settings=\"{&quot;background_background&quot;:&quot;classic&quot;}\">\n\t\t\t<div class=\"elementor-widget-wrap elementor-element-populated\">\n\t\t\t\t\t\t<div class=\"elementor-element elementor-element-05ad0ef elementor-widget elementor-widget-heading\" data-id=\"05ad0ef\" data-element_type=\"widget\" data-e-type=\"widget\" data-widget_type=\"heading.default\">\n\t\t\t\t<div class=\"elementor-widget-container\">\n\t\t\t\t\t<h2 class=\"elementor-heading-title elementor-size-default\">We are specialists in Pediatric Dentistry in Barcelona<\/h2>\t\t\t\t<\/div>\n\t\t\t\t<\/div>\n\t\t\t\t<div class=\"elementor-element elementor-element-5f80372 elementor-widget elementor-widget-text-editor\" data-id=\"5f80372\" data-element_type=\"widget\" data-e-type=\"widget\" data-widget_type=\"text-editor.default\">\n\t\t\t\t<div class=\"elementor-widget-container\">\n\t\t\t\t\t\t\t\t\tAt DiagonalDent we offer all the necessary treatments for the correct oral development of children. To do this, we have specialists in Pediatric Dentistry used to the contact with children that will make the kids visit to the dentist more like a game.\t\t\t\t\t\t\t\t<\/div>\n\t\t\t\t<\/div>\n\t\t\t\t<div class=\"elementor-element elementor-element-8d1b9a8 elementor-invisible elementor-widget elementor-widget-image\" data-id=\"8d1b9a8\" data-element_type=\"widget\" data-e-type=\"widget\" data-settings=\"{&quot;_animation&quot;:&quot;bounce&quot;}\" data-widget_type=\"image.default\">\n\t\t\t\t<div class=\"elementor-widget-container\">\n\t\t\t\t\t\t\t\t\t\t\t\t\t\t\t<img decoding=\"async\" width=\"328\" height=\"150\" src=\"https:\/\/diagonaldent.com\/wp-content\/uploads\/2020\/11\/DiagonalDent-Ninyos-muelas.png\" class=\"attachment-full size-full wp-image-167\" alt=\"\" srcset=\"https:\/\/diagonaldent.com\/wp-content\/uploads\/2020\/11\/DiagonalDent-Ninyos-muelas.png 328w, https:\/\/diagonaldent.com\/wp-content\/uploads\/2020\/11\/DiagonalDent-Ninyos-muelas-300x137.png 300w\" sizes=\"(max-width: 328px) 100vw, 328px\" \/>\t\t\t\t\t\t\t\t\t\t\t\t\t\t\t<\/div>\n\t\t\t\t<\/div>\n\t\t\t\t\t<\/div>\n\t\t<\/div>\n\t\t\t\t<div class=\"elementor-column elementor-col-50 elementor-top-column elementor-element elementor-element-60f5309\" data-id=\"60f5309\" data-element_type=\"column\" data-e-type=\"column\">\n\t\t\t<div class=\"elementor-widget-wrap\">\n\t\t\t\t\t\t\t<\/div>\n\t\t<\/div>\n\t\t\t\t\t<\/div>\n\t\t<\/section>\n\t\t\t\t<section class=\"elementor-section elementor-top-section elementor-element elementor-element-d6d0a99 elementor-section-boxed elementor-section-height-default elementor-section-height-default parallax_section_no qode_elementor_container_no\" data-id=\"d6d0a99\" data-element_type=\"section\" data-e-type=\"section\">\n\t\t\t\t\t\t<div class=\"elementor-container elementor-column-gap-wider\">\n\t\t\t\t\t<div class=\"elementor-column elementor-col-50 elementor-top-column elementor-element elementor-element-25831f8\" data-id=\"25831f8\" data-element_type=\"column\" data-e-type=\"column\">\n\t\t\t<div class=\"elementor-widget-wrap elementor-element-populated\">\n\t\t\t\t\t\t<div class=\"elementor-element elementor-element-2b24d9b elementor-widget elementor-widget-heading\" data-id=\"2b24d9b\" data-element_type=\"widget\" data-e-type=\"widget\" data-widget_type=\"heading.default\">\n\t\t\t\t<div class=\"elementor-widget-container\">\n\t\t\t\t\t<h4 class=\"elementor-heading-title elementor-size-default\">To the dentist, with no fear!<\/h4>\t\t\t\t<\/div>\n\t\t\t\t<\/div>\n\t\t\t\t<div class=\"elementor-element elementor-element-43a8610 elementor-widget elementor-widget-text-editor\" data-id=\"43a8610\" data-element_type=\"widget\" data-e-type=\"widget\" data-widget_type=\"text-editor.default\">\n\t\t\t\t<div class=\"elementor-widget-container\">\n\t\t\t\t\t\t\t\t\t<p>In our dental clinic we offer dental treatments focused exclusively on the little ones: sealing of teeth, pulpotomies, revisions&#8230;<\/p><p>In addition, at DiagonalDent we offer all kinds of orthodontic treatments for children and adolescents, such as interceptive orthodontics, brackets&#8230;<\/p>\t\t\t\t\t\t\t\t<\/div>\n\t\t\t\t<\/div>\n\t\t\t\t\t<\/div>\n\t\t<\/div>\n\t\t\t\t<div class=\"elementor-column elementor-col-50 elementor-top-column elementor-element elementor-element-d096808\" data-id=\"d096808\" data-element_type=\"column\" data-e-type=\"column\">\n\t\t\t<div class=\"elementor-widget-wrap elementor-element-populated\">\n\t\t\t\t\t\t<div class=\"elementor-element elementor-element-a933a3c elementor-invisible elementor-widget elementor-widget-image\" data-id=\"a933a3c\" data-element_type=\"widget\" data-e-type=\"widget\" data-settings=\"{&quot;_animation&quot;:&quot;fadeInRight&quot;}\" data-widget_type=\"image.default\">\n\t\t\t\t<div class=\"elementor-widget-container\">\n\t\t\t\t\t\t\t\t\t\t\t\t\t\t\t<img fetchpriority=\"high\" decoding=\"async\" width=\"879\" height=\"900\" src=\"https:\/\/diagonaldent.com\/wp-content\/uploads\/2020\/11\/DiagonalDent-Ninyos-cepillado.jpg\" class=\"attachment-full size-full wp-image-156\" alt=\"\" srcset=\"https:\/\/diagonaldent.com\/wp-content\/uploads\/2020\/11\/DiagonalDent-Ninyos-cepillado.jpg 879w, https:\/\/diagonaldent.com\/wp-content\/uploads\/2020\/11\/DiagonalDent-Ninyos-cepillado-293x300.jpg 293w, https:\/\/diagonaldent.com\/wp-content\/uploads\/2020\/11\/DiagonalDent-Ninyos-cepillado-768x786.jpg 768w, https:\/\/diagonaldent.com\/wp-content\/uploads\/2020\/11\/DiagonalDent-Ninyos-cepillado-700x717.jpg 700w\" sizes=\"(max-width: 879px) 100vw, 879px\" \/>\t\t\t\t\t\t\t\t\t\t\t\t\t\t\t<\/div>\n\t\t\t\t<\/div>\n\t\t\t\t\t<\/div>\n\t\t<\/div>\n\t\t\t\t\t<\/div>\n\t\t<\/section>\n\t\t\t\t<\/div>\n\t\t","protected":false},"excerpt":{"rendered":"<p>We are specialists in Pediatric Dentistry in Barcelona At DiagonalDent we offer all the necessary treatments for the correct oral development of children. To do this, we have specialists in Pediatric Dentistry used to the contact with children that will make the kids visit to&#8230;<\/p>\n","protected":false},"author":1,"featured_media":938,"parent":0,"menu_order":0,"comment_status":"closed","ping_status":"closed","template":"elementor_header_footer","meta":{"footnotes":""},"class_list":["post-1072","page","type-page","status-publish","has-post-thumbnail","hentry"],"yoast_head":"<!-- This site is optimized with the Yoast SEO plugin v27.3 - https:\/\/yoast.com\/product\/yoast-seo-wordpress\/ -->\n<title>Dentist for children in Barcelona - DiagonalDent - Cl\u00ednica Dental en Diagonal Mar, Barcelona<\/title>\n<meta name=\"description\" content=\"En Diagonal Dent Barcelona ofrecemos todos los tratamientos necesarios para el correcto desarrollo bucodental de los ni\u00f1os.\" \/>\n<meta name=\"robots\" content=\"index, follow, max-snippet:-1, max-image-preview:large, max-video-preview:-1\" \/>\n<link rel=\"canonical\" href=\"https:\/\/diagonaldent.com\/en\/dentist-for-children-in-barcelona\/\" \/>\n<meta property=\"og:locale\" content=\"en_US\" \/>\n<meta property=\"og:type\" content=\"article\" \/>\n<meta property=\"og:title\" content=\"Dentist for children in Barcelona - DiagonalDent - Cl\u00ednica Dental en Diagonal Mar, Barcelona\" \/>\n<meta property=\"og:description\" content=\"En Diagonal Dent Barcelona ofrecemos todos los tratamientos necesarios para el correcto desarrollo bucodental de los ni\u00f1os.\" \/>\n<meta property=\"og:url\" content=\"https:\/\/diagonaldent.com\/en\/dentist-for-children-in-barcelona\/\" \/>\n<meta property=\"og:site_name\" content=\"DiagonalDent - Cl\u00ednica Dental en Diagonal Mar, Barcelona\" \/>\n<meta property=\"article:modified_time\" content=\"2021-03-10T15:31:18+00:00\" \/>\n<meta property=\"og:image\" content=\"https:\/\/diagonaldent.com\/wp-content\/uploads\/2020\/11\/DiagonalDent-Ninyos-cepillado.jpg\" \/>\n\t<meta property=\"og:image:width\" content=\"879\" \/>\n\t<meta property=\"og:image:height\" content=\"900\" \/>\n\t<meta property=\"og:image:type\" content=\"image\/jpeg\" \/>\n<meta name=\"twitter:card\" content=\"summary_large_image\" \/>\n<meta name=\"twitter:label1\" content=\"Est. reading time\" \/>\n\t<meta name=\"twitter:data1\" content=\"1 minute\" \/>\n<script type=\"application\/ld+json\" class=\"yoast-schema-graph\">{\"@context\":\"https:\\\/\\\/schema.org\",\"@graph\":[{\"@type\":\"WebPage\",\"@id\":\"https:\\\/\\\/diagonaldent.com\\\/en\\\/dentist-for-children-in-barcelona\\\/\",\"url\":\"https:\\\/\\\/diagonaldent.com\\\/en\\\/dentist-for-children-in-barcelona\\\/\",\"name\":\"Dentist for children in Barcelona - DiagonalDent - Cl\u00ednica Dental en Diagonal Mar, Barcelona\",\"isPartOf\":{\"@id\":\"https:\\\/\\\/diagonaldent.com\\\/#website\"},\"primaryImageOfPage\":{\"@id\":\"https:\\\/\\\/diagonaldent.com\\\/en\\\/dentist-for-children-in-barcelona\\\/#primaryimage\"},\"image\":{\"@id\":\"https:\\\/\\\/diagonaldent.com\\\/en\\\/dentist-for-children-in-barcelona\\\/#primaryimage\"},\"thumbnailUrl\":\"https:\\\/\\\/diagonaldent.com\\\/wp-content\\\/uploads\\\/2020\\\/11\\\/DiagonalDent-Ninyos-cepillado.jpg\",\"datePublished\":\"2020-11-30T10:19:30+00:00\",\"dateModified\":\"2021-03-10T15:31:18+00:00\",\"description\":\"En Diagonal Dent Barcelona ofrecemos todos los tratamientos necesarios para el correcto desarrollo bucodental de los ni\u00f1os.\",\"breadcrumb\":{\"@id\":\"https:\\\/\\\/diagonaldent.com\\\/en\\\/dentist-for-children-in-barcelona\\\/#breadcrumb\"},\"inLanguage\":\"en-US\",\"potentialAction\":[{\"@type\":\"ReadAction\",\"target\":[\"https:\\\/\\\/diagonaldent.com\\\/en\\\/dentist-for-children-in-barcelona\\\/\"]}]},{\"@type\":\"ImageObject\",\"inLanguage\":\"en-US\",\"@id\":\"https:\\\/\\\/diagonaldent.com\\\/en\\\/dentist-for-children-in-barcelona\\\/#primaryimage\",\"url\":\"https:\\\/\\\/diagonaldent.com\\\/wp-content\\\/uploads\\\/2020\\\/11\\\/DiagonalDent-Ninyos-cepillado.jpg\",\"contentUrl\":\"https:\\\/\\\/diagonaldent.com\\\/wp-content\\\/uploads\\\/2020\\\/11\\\/DiagonalDent-Ninyos-cepillado.jpg\",\"width\":879,\"height\":900},{\"@type\":\"BreadcrumbList\",\"@id\":\"https:\\\/\\\/diagonaldent.com\\\/en\\\/dentist-for-children-in-barcelona\\\/#breadcrumb\",\"itemListElement\":[{\"@type\":\"ListItem\",\"position\":1,\"name\":\"Portada\",\"item\":\"https:\\\/\\\/diagonaldent.com\\\/en\\\/\"},{\"@type\":\"ListItem\",\"position\":2,\"name\":\"Dentist for children\"}]},{\"@type\":\"WebSite\",\"@id\":\"https:\\\/\\\/diagonaldent.com\\\/#website\",\"url\":\"https:\\\/\\\/diagonaldent.com\\\/\",\"name\":\"DiagonalDent - Cl\u00ednica Dental en Diagonal Mar, Barcelona\",\"description\":\"Cl\u00ednica Dental en Barcelona: ortodoncia, implantolog\u00eda y est\u00e9tica dental\",\"publisher\":{\"@id\":\"https:\\\/\\\/diagonaldent.com\\\/#organization\"},\"potentialAction\":[{\"@type\":\"SearchAction\",\"target\":{\"@type\":\"EntryPoint\",\"urlTemplate\":\"https:\\\/\\\/diagonaldent.com\\\/?s={search_term_string}\"},\"query-input\":{\"@type\":\"PropertyValueSpecification\",\"valueRequired\":true,\"valueName\":\"search_term_string\"}}],\"inLanguage\":\"en-US\"},{\"@type\":\"Organization\",\"@id\":\"https:\\\/\\\/diagonaldent.com\\\/#organization\",\"name\":\"DiagonalDent\",\"url\":\"https:\\\/\\\/diagonaldent.com\\\/\",\"logo\":{\"@type\":\"ImageObject\",\"inLanguage\":\"en-US\",\"@id\":\"https:\\\/\\\/diagonaldent.com\\\/#\\\/schema\\\/logo\\\/image\\\/\",\"url\":\"\",\"contentUrl\":\"\",\"caption\":\"DiagonalDent\"},\"image\":{\"@id\":\"https:\\\/\\\/diagonaldent.com\\\/#\\\/schema\\\/logo\\\/image\\\/\"}}]}<\/script>\n<!-- \/ Yoast SEO plugin. -->","yoast_head_json":{"title":"Dentist for children in Barcelona - DiagonalDent - Cl\u00ednica Dental en Diagonal Mar, Barcelona","description":"En Diagonal Dent Barcelona ofrecemos todos los tratamientos necesarios para el correcto desarrollo bucodental de los ni\u00f1os.","robots":{"index":"index","follow":"follow","max-snippet":"max-snippet:-1","max-image-preview":"max-image-preview:large","max-video-preview":"max-video-preview:-1"},"canonical":"https:\/\/diagonaldent.com\/en\/dentist-for-children-in-barcelona\/","og_locale":"en_US","og_type":"article","og_title":"Dentist for children in Barcelona - DiagonalDent - Cl\u00ednica Dental en Diagonal Mar, Barcelona","og_description":"En Diagonal Dent Barcelona ofrecemos todos los tratamientos necesarios para el correcto desarrollo bucodental de los ni\u00f1os.","og_url":"https:\/\/diagonaldent.com\/en\/dentist-for-children-in-barcelona\/","og_site_name":"DiagonalDent - Cl\u00ednica Dental en Diagonal Mar, Barcelona","article_modified_time":"2021-03-10T15:31:18+00:00","og_image":[{"width":879,"height":900,"url":"https:\/\/diagonaldent.com\/wp-content\/uploads\/2020\/11\/DiagonalDent-Ninyos-cepillado.jpg","type":"image\/jpeg"}],"twitter_card":"summary_large_image","twitter_misc":{"Est. reading time":"1 minute"},"schema":{"@context":"https:\/\/schema.org","@graph":[{"@type":"WebPage","@id":"https:\/\/diagonaldent.com\/en\/dentist-for-children-in-barcelona\/","url":"https:\/\/diagonaldent.com\/en\/dentist-for-children-in-barcelona\/","name":"Dentist for children in Barcelona - DiagonalDent - Cl\u00ednica Dental en Diagonal Mar, Barcelona","isPartOf":{"@id":"https:\/\/diagonaldent.com\/#website"},"primaryImageOfPage":{"@id":"https:\/\/diagonaldent.com\/en\/dentist-for-children-in-barcelona\/#primaryimage"},"image":{"@id":"https:\/\/diagonaldent.com\/en\/dentist-for-children-in-barcelona\/#primaryimage"},"thumbnailUrl":"https:\/\/diagonaldent.com\/wp-content\/uploads\/2020\/11\/DiagonalDent-Ninyos-cepillado.jpg","datePublished":"2020-11-30T10:19:30+00:00","dateModified":"2021-03-10T15:31:18+00:00","description":"En Diagonal Dent Barcelona ofrecemos todos los tratamientos necesarios para el correcto desarrollo bucodental de los ni\u00f1os.","breadcrumb":{"@id":"https:\/\/diagonaldent.com\/en\/dentist-for-children-in-barcelona\/#breadcrumb"},"inLanguage":"en-US","potentialAction":[{"@type":"ReadAction","target":["https:\/\/diagonaldent.com\/en\/dentist-for-children-in-barcelona\/"]}]},{"@type":"ImageObject","inLanguage":"en-US","@id":"https:\/\/diagonaldent.com\/en\/dentist-for-children-in-barcelona\/#primaryimage","url":"https:\/\/diagonaldent.com\/wp-content\/uploads\/2020\/11\/DiagonalDent-Ninyos-cepillado.jpg","contentUrl":"https:\/\/diagonaldent.com\/wp-content\/uploads\/2020\/11\/DiagonalDent-Ninyos-cepillado.jpg","width":879,"height":900},{"@type":"BreadcrumbList","@id":"https:\/\/diagonaldent.com\/en\/dentist-for-children-in-barcelona\/#breadcrumb","itemListElement":[{"@type":"ListItem","position":1,"name":"Portada","item":"https:\/\/diagonaldent.com\/en\/"},{"@type":"ListItem","position":2,"name":"Dentist for children"}]},{"@type":"WebSite","@id":"https:\/\/diagonaldent.com\/#website","url":"https:\/\/diagonaldent.com\/","name":"DiagonalDent - Cl\u00ednica Dental en Diagonal Mar, Barcelona","description":"Cl\u00ednica Dental en Barcelona: ortodoncia, implantolog\u00eda y est\u00e9tica dental","publisher":{"@id":"https:\/\/diagonaldent.com\/#organization"},"potentialAction":[{"@type":"SearchAction","target":{"@type":"EntryPoint","urlTemplate":"https:\/\/diagonaldent.com\/?s={search_term_string}"},"query-input":{"@type":"PropertyValueSpecification","valueRequired":true,"valueName":"search_term_string"}}],"inLanguage":"en-US"},{"@type":"Organization","@id":"https:\/\/diagonaldent.com\/#organization","name":"DiagonalDent","url":"https:\/\/diagonaldent.com\/","logo":{"@type":"ImageObject","inLanguage":"en-US","@id":"https:\/\/diagonaldent.com\/#\/schema\/logo\/image\/","url":"","contentUrl":"","caption":"DiagonalDent"},"image":{"@id":"https:\/\/diagonaldent.com\/#\/schema\/logo\/image\/"}}]}},"_links":{"self":[{"href":"https:\/\/diagonaldent.com\/en\/wp-json\/wp\/v2\/pages\/1072","targetHints":{"allow":["GET"]}}],"collection":[{"href":"https:\/\/diagonaldent.com\/en\/wp-json\/wp\/v2\/pages"}],"about":[{"href":"https:\/\/diagonaldent.com\/en\/wp-json\/wp\/v2\/types\/page"}],"author":[{"embeddable":true,"href":"https:\/\/diagonaldent.com\/en\/wp-json\/wp\/v2\/users\/1"}],"replies":[{"embeddable":true,"href":"https:\/\/diagonaldent.com\/en\/wp-json\/wp\/v2\/comments?post=1072"}],"version-history":[{"count":5,"href":"https:\/\/diagonaldent.com\/en\/wp-json\/wp\/v2\/pages\/1072\/revisions"}],"predecessor-version":[{"id":1283,"href":"https:\/\/diagonaldent.com\/en\/wp-json\/wp\/v2\/pages\/1072\/revisions\/1283"}],"wp:featuredmedia":[{"embeddable":true,"href":"https:\/\/diagonaldent.com\/en\/wp-json\/wp\/v2\/media\/938"}],"wp:attachment":[{"href":"https:\/\/diagonaldent.com\/en\/wp-json\/wp\/v2\/media?parent=1072"}],"curies":[{"name":"wp","href":"https:\/\/api.w.org\/{rel}","templated":true}]}}