{"id":1087,"date":"2021-01-20T10:34:15","date_gmt":"2021-01-20T09:34:15","guid":{"rendered":"https:\/\/diagonaldent.com\/tratamientos\/tratamientos-esteticos\/"},"modified":"2021-03-03T19:05:17","modified_gmt":"2021-03-03T18:05:17","slug":"tractaments-estetics","status":"publish","type":"page","link":"https:\/\/diagonaldent.com\/ca\/tractaments\/tractaments-estetics\/","title":{"rendered":"Tractaments est\u00e8tics"},"content":{"rendered":"\t\t<div data-elementor-type=\"wp-page\" data-elementor-id=\"1087\" class=\"elementor elementor-1087\">\n\t\t\t\t\t\t<section class=\"elementor-section elementor-top-section elementor-element elementor-element-c548982 elementor-section-height-min-height elementor-section-boxed elementor-section-height-default elementor-section-items-middle parallax_section_no qode_elementor_container_no\" data-id=\"c548982\" data-element_type=\"section\" data-e-type=\"section\" data-settings=\"{&quot;background_background&quot;:&quot;classic&quot;}\">\n\t\t\t\t\t\t\t<div class=\"elementor-background-overlay\"><\/div>\n\t\t\t\t\t\t\t<div class=\"elementor-container elementor-column-gap-default\">\n\t\t\t\t\t<div class=\"elementor-column elementor-col-100 elementor-top-column elementor-element elementor-element-1071739\" data-id=\"1071739\" data-element_type=\"column\" data-e-type=\"column\">\n\t\t\t<div class=\"elementor-widget-wrap elementor-element-populated\">\n\t\t\t\t\t\t<div class=\"elementor-element elementor-element-92bc8f9 elementor-widget elementor-widget-heading\" data-id=\"92bc8f9\" data-element_type=\"widget\" data-e-type=\"widget\" data-widget_type=\"heading.default\">\n\t\t\t\t<div class=\"elementor-widget-container\">\n\t\t\t\t\t<h1 class=\"elementor-heading-title elementor-size-default\">Tractaments est\u00e8tics<\/h1>\t\t\t\t<\/div>\n\t\t\t\t<\/div>\n\t\t\t\t\t<\/div>\n\t\t<\/div>\n\t\t\t\t\t<\/div>\n\t\t<\/section>\n\t\t\t\t<section class=\"elementor-section elementor-top-section elementor-element elementor-element-3d92d8a elementor-section-content-top elementor-reverse-mobile elementor-section-boxed elementor-section-height-default elementor-section-height-default parallax_section_no qode_elementor_container_no\" data-id=\"3d92d8a\" data-element_type=\"section\" data-e-type=\"section\" id=\"reconstruccion-caries\">\n\t\t\t\t\t\t<div class=\"elementor-container elementor-column-gap-default\">\n\t\t\t\t\t<div class=\"elementor-column elementor-col-50 elementor-top-column elementor-element elementor-element-5fb77c1\" data-id=\"5fb77c1\" data-element_type=\"column\" data-e-type=\"column\">\n\t\t\t<div class=\"elementor-widget-wrap elementor-element-populated\">\n\t\t\t\t\t\t<div class=\"elementor-element elementor-element-05ad0ef elementor-widget elementor-widget-heading\" data-id=\"05ad0ef\" data-element_type=\"widget\" data-e-type=\"widget\" data-widget_type=\"heading.default\">\n\t\t\t\t<div class=\"elementor-widget-container\">\n\t\t\t\t\t<h2 class=\"elementor-heading-title elementor-size-default\">Qu\u00e8 \u00e9s l'est\u00e8tica dental?<\/h2>\t\t\t\t<\/div>\n\t\t\t\t<\/div>\n\t\t\t\t<div class=\"elementor-element elementor-element-43a8610 elementor-widget elementor-widget-text-editor\" data-id=\"43a8610\" data-element_type=\"widget\" data-e-type=\"widget\" data-widget_type=\"text-editor.default\">\n\t\t\t\t<div class=\"elementor-widget-container\">\n\t\t\t\t\t\t\t\t\tL&#8217;est\u00e8tica dental \u00e9s l&#8217;especialitat dins de l&#8217;odontologia que t\u00e9 com a objectiu millorar les dents de la persona i, amb aix\u00f2, el seu aspecte f\u00edsic. Per complir els seus objectius est\u00e8tics, aquest tipus de tractaments s&#8217;han de personalitzar a cada pacient.\t\t\t\t\t\t\t\t<\/div>\n\t\t\t\t<\/div>\n\t\t\t\t<div class=\"elementor-element elementor-element-7d21074 elementor-widget elementor-widget-heading\" data-id=\"7d21074\" data-element_type=\"widget\" data-e-type=\"widget\" data-widget_type=\"heading.default\">\n\t\t\t\t<div class=\"elementor-widget-container\">\n\t\t\t\t\t<h3 class=\"elementor-heading-title elementor-size-default\">Tractaments est\u00e8tics<\/h3>\t\t\t\t<\/div>\n\t\t\t\t<\/div>\n\t\t\t\t<div class=\"elementor-element elementor-element-bcdf843 elementor-widget elementor-widget-text-editor\" data-id=\"bcdf843\" data-element_type=\"widget\" data-e-type=\"widget\" data-widget_type=\"text-editor.default\">\n\t\t\t\t<div class=\"elementor-widget-container\">\n\t\t\t\t\t\t\t\t\t<a href=\"#carillas-porcelana\">CARILLES DE PORCELLANA EST\u00c8TICA<\/a>\t\t\t\t\t\t\t\t<\/div>\n\t\t\t\t<\/div>\n\t\t\t\t<div class=\"elementor-element elementor-element-3c20a4d elementor-widget elementor-widget-text-editor\" data-id=\"3c20a4d\" data-element_type=\"widget\" data-e-type=\"widget\" data-widget_type=\"text-editor.default\">\n\t\t\t\t<div class=\"elementor-widget-container\">\n\t\t\t\t\t\t\t\t\t<a href=\"#blanqueamientos-dentales\">BLANQUEJAMENT DENTAL (PHILIPS ZOOM)<\/a>\t\t\t\t\t\t\t\t<\/div>\n\t\t\t\t<\/div>\n\t\t\t\t\t<\/div>\n\t\t<\/div>\n\t\t\t\t<div class=\"elementor-column elementor-col-50 elementor-top-column elementor-element elementor-element-df29cda\" data-id=\"df29cda\" data-element_type=\"column\" data-e-type=\"column\" data-settings=\"{&quot;background_background&quot;:&quot;classic&quot;}\">\n\t\t\t<div class=\"elementor-widget-wrap elementor-element-populated\">\n\t\t\t\t\t\t<div class=\"elementor-element elementor-element-88ea5d7 elementor-invisible elementor-widget elementor-widget-image\" data-id=\"88ea5d7\" data-element_type=\"widget\" data-e-type=\"widget\" data-settings=\"{&quot;_animation&quot;:&quot;fadeInRight&quot;}\" data-widget_type=\"image.default\">\n\t\t\t\t<div class=\"elementor-widget-container\">\n\t\t\t\t\t\t\t\t\t\t\t\t\t\t\t<img fetchpriority=\"high\" decoding=\"async\" width=\"527\" height=\"485\" src=\"https:\/\/diagonaldent.com\/wp-content\/uploads\/2021\/01\/DiagonalDent-protesis-removible-1.png\" class=\"attachment-full size-full wp-image-578\" alt=\"Diagonal Dent - Tratamientos est\u00e9ticos\" srcset=\"https:\/\/diagonaldent.com\/wp-content\/uploads\/2021\/01\/DiagonalDent-protesis-removible-1.png 527w, https:\/\/diagonaldent.com\/wp-content\/uploads\/2021\/01\/DiagonalDent-protesis-removible-1-300x276.png 300w\" sizes=\"(max-width: 527px) 100vw, 527px\" \/>\t\t\t\t\t\t\t\t\t\t\t\t\t\t\t<\/div>\n\t\t\t\t<\/div>\n\t\t\t\t\t<\/div>\n\t\t<\/div>\n\t\t\t\t\t<\/div>\n\t\t<\/section>\n\t\t\t\t<section class=\"elementor-section elementor-top-section elementor-element elementor-element-80ea708 elementor-section-content-top elementor-section-boxed elementor-section-height-default elementor-section-height-default parallax_section_no qode_elementor_container_no\" data-id=\"80ea708\" data-element_type=\"section\" data-e-type=\"section\" id=\"carillas-porcelana\">\n\t\t\t\t\t\t<div class=\"elementor-container elementor-column-gap-default\">\n\t\t\t\t\t<div class=\"elementor-column elementor-col-50 elementor-top-column elementor-element elementor-element-576ebd5\" data-id=\"576ebd5\" data-element_type=\"column\" data-e-type=\"column\" data-settings=\"{&quot;background_background&quot;:&quot;classic&quot;}\">\n\t\t\t<div class=\"elementor-widget-wrap elementor-element-populated\">\n\t\t\t\t\t\t<div class=\"elementor-element elementor-element-65f7111 elementor-invisible elementor-widget elementor-widget-image\" data-id=\"65f7111\" data-element_type=\"widget\" data-e-type=\"widget\" data-settings=\"{&quot;_animation&quot;:&quot;fadeInLeft&quot;}\" data-widget_type=\"image.default\">\n\t\t\t\t<div class=\"elementor-widget-container\">\n\t\t\t\t\t\t\t\t\t\t\t\t\t\t\t<img decoding=\"async\" width=\"1000\" height=\"667\" src=\"https:\/\/diagonaldent.com\/wp-content\/uploads\/2021\/01\/DiagonalDent-esteticos-02.jpg\" class=\"attachment-full size-full wp-image-632\" alt=\"Diagonal Dent - Tratamientos est\u00e9ticos\" srcset=\"https:\/\/diagonaldent.com\/wp-content\/uploads\/2021\/01\/DiagonalDent-esteticos-02.jpg 1000w, https:\/\/diagonaldent.com\/wp-content\/uploads\/2021\/01\/DiagonalDent-esteticos-02-300x200.jpg 300w, https:\/\/diagonaldent.com\/wp-content\/uploads\/2021\/01\/DiagonalDent-esteticos-02-768x512.jpg 768w, https:\/\/diagonaldent.com\/wp-content\/uploads\/2021\/01\/DiagonalDent-esteticos-02-700x467.jpg 700w\" sizes=\"(max-width: 1000px) 100vw, 1000px\" \/>\t\t\t\t\t\t\t\t\t\t\t\t\t\t\t<\/div>\n\t\t\t\t<\/div>\n\t\t\t\t\t<\/div>\n\t\t<\/div>\n\t\t\t\t<div class=\"elementor-column elementor-col-50 elementor-top-column elementor-element elementor-element-54a6970\" data-id=\"54a6970\" data-element_type=\"column\" data-e-type=\"column\">\n\t\t\t<div class=\"elementor-widget-wrap elementor-element-populated\">\n\t\t\t\t\t\t<div class=\"elementor-element elementor-element-56706e9 elementor-widget elementor-widget-heading\" data-id=\"56706e9\" data-element_type=\"widget\" data-e-type=\"widget\" data-widget_type=\"heading.default\">\n\t\t\t\t<div class=\"elementor-widget-container\">\n\t\t\t\t\t<h4 class=\"elementor-heading-title elementor-size-default\">CARILLES DE PORCELLANA EST\u00c8TICA<\/h4>\t\t\t\t<\/div>\n\t\t\t\t<\/div>\n\t\t\t\t<div class=\"elementor-element elementor-element-4872a2c elementor-widget elementor-widget-text-editor\" data-id=\"4872a2c\" data-element_type=\"widget\" data-e-type=\"widget\" data-widget_type=\"text-editor.default\">\n\t\t\t\t<div class=\"elementor-widget-container\">\n\t\t\t\t\t\t\t\t\t<p>Las carillas de porcelana son unas finas piezas de ese material que se suelen utilizar para mejorar el aspecto est\u00e9tico de los dientes, adem\u00e1s de proporcionar m\u00e1s fuerza y estabilidad al esmalte natural de cada diente.<\/p><p>Gracias a las carillas, es posible modificar el aspecto de los dientes que no sean de nuestro agrado por su tama\u00f1o, forma o color.<\/p><p>En una soluci\u00f3n muy eficaz para corregir dientes que est\u00e1n levemente torcidos, pero tambi\u00e9n otros problemas como las fracturas o piezas que se han desgastado u oscurecido con el paso del tiempo.<\/p>\t\t\t\t\t\t\t\t<\/div>\n\t\t\t\t<\/div>\n\t\t\t\t\t<\/div>\n\t\t<\/div>\n\t\t\t\t\t<\/div>\n\t\t<\/section>\n\t\t\t\t<section class=\"elementor-section elementor-top-section elementor-element elementor-element-d037d12 elementor-section-content-top elementor-reverse-mobile elementor-section-boxed elementor-section-height-default elementor-section-height-default parallax_section_no qode_elementor_container_no\" data-id=\"d037d12\" data-element_type=\"section\" data-e-type=\"section\" id=\"blanqueamientos-dentales\">\n\t\t\t\t\t\t<div class=\"elementor-container elementor-column-gap-default\">\n\t\t\t\t\t<div class=\"elementor-column elementor-col-50 elementor-top-column elementor-element elementor-element-c1fe0de\" data-id=\"c1fe0de\" data-element_type=\"column\" data-e-type=\"column\">\n\t\t\t<div class=\"elementor-widget-wrap elementor-element-populated\">\n\t\t\t\t\t\t<div class=\"elementor-element elementor-element-605c88e elementor-widget elementor-widget-heading\" data-id=\"605c88e\" data-element_type=\"widget\" data-e-type=\"widget\" data-widget_type=\"heading.default\">\n\t\t\t\t<div class=\"elementor-widget-container\">\n\t\t\t\t\t<h4 class=\"elementor-heading-title elementor-size-default\">BLANQUEJAMENT DENTAL (PHILIPS ZOOM)<\/h4>\t\t\t\t<\/div>\n\t\t\t\t<\/div>\n\t\t\t\t<div class=\"elementor-element elementor-element-2f39531 elementor-widget elementor-widget-text-editor\" data-id=\"2f39531\" data-element_type=\"widget\" data-e-type=\"widget\" data-widget_type=\"text-editor.default\">\n\t\t\t\t<div class=\"elementor-widget-container\">\n\t\t\t\t\t\t\t\t\t<p>El blanquejament dental Philips Zoom\u00ae es basa en l&#8217;aplicaci\u00f3 de la llum LED en les superf\u00edcies dentals pr\u00e8viament tractades amb un agent blanquejador, com el per\u00f2xid d&#8217;hidr\u00f3gen, de manera que aquesta llum activa l&#8217;agent fent efectiu el blanqueig, i aconsegueix un efecte m\u00e9s r\u00e0pid.<\/p><p>Es realitza mitjan\u00e7ant l&#8217;aplicaci\u00f3 d&#8217;aquest agent blanquejador, un qu\u00edmic col\u00b7locat a la superf\u00edcie vestibular de les dents mitjan\u00e7ant l\u2019administraci\u00f3 de la llum LED Philips Zoom. Degut a la reacci\u00f3 de red-ox (reducci\u00f3-oxidaci\u00f3), el per\u00f2xid d&#8217;hidrogen, al ser un compost molt inestable, tendeix a separar una de les part\u00edcules d&#8217;oxigen per obtenir, d\u2019un costat aigua (H2O) que s\u00ed \u00e9s estable, i l&#8217;oxigen (O), que queda lliure en el medi on es trobi. Aquest oxigen s&#8217;uneix a les mol\u00e8cules responsables de la coloraci\u00f3 dental, que solen ser molt grans. Aqu\u00ed es produeix la reacci\u00f3 de red-ox i fa que les grans mol\u00e8cules que enfosqueixen la dent es divideixin en mol\u00e8cules m\u00e9s petites. Quan es tornen petites, s&#8217;aclarixen, per tant aclarixen la dent. A m\u00e9s, es tornen m\u00e9s solubles i m\u00e9s f\u00e0cils d&#8217;eliminar de les estructures dent\u00e0ries.<\/p>\t\t\t\t\t\t\t\t<\/div>\n\t\t\t\t<\/div>\n\t\t\t\t\t<\/div>\n\t\t<\/div>\n\t\t\t\t<div class=\"elementor-column elementor-col-50 elementor-top-column elementor-element elementor-element-aae3ddc\" data-id=\"aae3ddc\" data-element_type=\"column\" data-e-type=\"column\" data-settings=\"{&quot;background_background&quot;:&quot;classic&quot;}\">\n\t\t\t<div class=\"elementor-widget-wrap elementor-element-populated\">\n\t\t\t\t\t\t<div class=\"elementor-element elementor-element-c010148 elementor-invisible elementor-widget elementor-widget-image\" data-id=\"c010148\" data-element_type=\"widget\" data-e-type=\"widget\" data-settings=\"{&quot;_animation&quot;:&quot;fadeInRight&quot;}\" data-widget_type=\"image.default\">\n\t\t\t\t<div class=\"elementor-widget-container\">\n\t\t\t\t\t\t\t\t\t\t\t\t\t\t\t<img decoding=\"async\" width=\"1000\" height=\"667\" src=\"https:\/\/diagonaldent.com\/wp-content\/uploads\/2021\/01\/DiagonalDent-esteticos-03-1.jpg\" class=\"attachment-full size-full wp-image-633\" alt=\"Diagonal Dent - Tratamientos est\u00e9ticos\" srcset=\"https:\/\/diagonaldent.com\/wp-content\/uploads\/2021\/01\/DiagonalDent-esteticos-03-1.jpg 1000w, https:\/\/diagonaldent.com\/wp-content\/uploads\/2021\/01\/DiagonalDent-esteticos-03-1-300x200.jpg 300w, https:\/\/diagonaldent.com\/wp-content\/uploads\/2021\/01\/DiagonalDent-esteticos-03-1-768x512.jpg 768w, https:\/\/diagonaldent.com\/wp-content\/uploads\/2021\/01\/DiagonalDent-esteticos-03-1-700x467.jpg 700w\" sizes=\"(max-width: 1000px) 100vw, 1000px\" \/>\t\t\t\t\t\t\t\t\t\t\t\t\t\t\t<\/div>\n\t\t\t\t<\/div>\n\t\t\t\t\t<\/div>\n\t\t<\/div>\n\t\t\t\t\t<\/div>\n\t\t<\/section>\n\t\t\t\t<\/div>\n\t\t","protected":false},"excerpt":{"rendered":"<p>Tractaments est\u00e8tics Qu\u00e8 \u00e9s l&#8217;est\u00e8tica dental? L&#8217;est\u00e8tica dental \u00e9s l&#8217;especialitat dins de l&#8217;odontologia que t\u00e9 com a objectiu millorar les dents de la persona i, amb aix\u00f2, el seu aspecte f\u00edsic. Per complir els seus objectius est\u00e8tics, aquest tipus de tractaments s&#8217;han de personalitzar a&#8230;<\/p>\n","protected":false},"author":1,"featured_media":0,"parent":1075,"menu_order":0,"comment_status":"closed","ping_status":"closed","template":"elementor_header_footer","meta":{"footnotes":""},"class_list":["post-1087","page","type-page","status-publish","hentry"],"yoast_head":"<!-- This site is optimized with the Yoast SEO plugin v27.3 - https:\/\/yoast.com\/product\/yoast-seo-wordpress\/ -->\n<title>Tractaments est\u00e8tics - DiagonalDent - Cl\u00ednica Dental en Diagonal Mar, Barcelona<\/title>\n<meta name=\"description\" content=\"Tratamientos est\u00e9ticos: carillas de porcelana est\u00e9ticas y blanqueamientos dentales con Philips Zoom en nuestra c\u00ednica dental de Barcelona.\" \/>\n<meta name=\"robots\" content=\"index, follow, max-snippet:-1, max-image-preview:large, max-video-preview:-1\" \/>\n<link rel=\"canonical\" href=\"https:\/\/diagonaldent.com\/ca\/tractaments\/tractaments-estetics\/\" \/>\n<meta property=\"og:locale\" content=\"ca_ES\" \/>\n<meta property=\"og:type\" content=\"article\" \/>\n<meta property=\"og:title\" content=\"Tractaments est\u00e8tics - DiagonalDent - Cl\u00ednica Dental en Diagonal Mar, Barcelona\" \/>\n<meta property=\"og:description\" content=\"Tratamientos est\u00e9ticos: carillas de porcelana est\u00e9ticas y blanqueamientos dentales con Philips Zoom en nuestra c\u00ednica dental de Barcelona.\" \/>\n<meta property=\"og:url\" content=\"https:\/\/diagonaldent.com\/ca\/tractaments\/tractaments-estetics\/\" \/>\n<meta property=\"og:site_name\" content=\"DiagonalDent - Cl\u00ednica Dental en Diagonal Mar, Barcelona\" \/>\n<meta property=\"article:modified_time\" content=\"2021-03-03T18:05:17+00:00\" \/>\n<meta property=\"og:image\" content=\"https:\/\/diagonaldent.com\/wp-content\/uploads\/2021\/01\/DiagonalDent-protesis-removible-1.png\" \/>\n<meta name=\"twitter:card\" content=\"summary_large_image\" \/>\n<meta name=\"twitter:label1\" content=\"Temps estimat de lectura\" \/>\n\t<meta name=\"twitter:data1\" content=\"3 minuts\" \/>\n<script type=\"application\/ld+json\" class=\"yoast-schema-graph\">{\"@context\":\"https:\\\/\\\/schema.org\",\"@graph\":[{\"@type\":\"WebPage\",\"@id\":\"https:\\\/\\\/diagonaldent.com\\\/ca\\\/tractaments\\\/tractaments-estetics\\\/\",\"url\":\"https:\\\/\\\/diagonaldent.com\\\/ca\\\/tractaments\\\/tractaments-estetics\\\/\",\"name\":\"Tractaments est\u00e8tics - DiagonalDent - Cl\u00ednica Dental en Diagonal Mar, Barcelona\",\"isPartOf\":{\"@id\":\"https:\\\/\\\/diagonaldent.com\\\/#website\"},\"primaryImageOfPage\":{\"@id\":\"https:\\\/\\\/diagonaldent.com\\\/ca\\\/tractaments\\\/tractaments-estetics\\\/#primaryimage\"},\"image\":{\"@id\":\"https:\\\/\\\/diagonaldent.com\\\/ca\\\/tractaments\\\/tractaments-estetics\\\/#primaryimage\"},\"thumbnailUrl\":\"https:\\\/\\\/diagonaldent.com\\\/wp-content\\\/uploads\\\/2021\\\/01\\\/DiagonalDent-protesis-removible-1.png\",\"datePublished\":\"2021-01-20T09:34:15+00:00\",\"dateModified\":\"2021-03-03T18:05:17+00:00\",\"description\":\"Tratamientos est\u00e9ticos: carillas de porcelana est\u00e9ticas y blanqueamientos dentales con Philips Zoom en nuestra c\u00ednica dental de Barcelona.\",\"breadcrumb\":{\"@id\":\"https:\\\/\\\/diagonaldent.com\\\/ca\\\/tractaments\\\/tractaments-estetics\\\/#breadcrumb\"},\"inLanguage\":\"ca\",\"potentialAction\":[{\"@type\":\"ReadAction\",\"target\":[\"https:\\\/\\\/diagonaldent.com\\\/ca\\\/tractaments\\\/tractaments-estetics\\\/\"]}]},{\"@type\":\"ImageObject\",\"inLanguage\":\"ca\",\"@id\":\"https:\\\/\\\/diagonaldent.com\\\/ca\\\/tractaments\\\/tractaments-estetics\\\/#primaryimage\",\"url\":\"https:\\\/\\\/diagonaldent.com\\\/wp-content\\\/uploads\\\/2021\\\/01\\\/DiagonalDent-protesis-removible-1.png\",\"contentUrl\":\"https:\\\/\\\/diagonaldent.com\\\/wp-content\\\/uploads\\\/2021\\\/01\\\/DiagonalDent-protesis-removible-1.png\"},{\"@type\":\"BreadcrumbList\",\"@id\":\"https:\\\/\\\/diagonaldent.com\\\/ca\\\/tractaments\\\/tractaments-estetics\\\/#breadcrumb\",\"itemListElement\":[{\"@type\":\"ListItem\",\"position\":1,\"name\":\"Portada\",\"item\":\"https:\\\/\\\/diagonaldent.com\\\/ca\\\/\"},{\"@type\":\"ListItem\",\"position\":2,\"name\":\"Tractaments\",\"item\":\"https:\\\/\\\/diagonaldent.com\\\/ca\\\/tractaments\\\/\"},{\"@type\":\"ListItem\",\"position\":3,\"name\":\"Tractaments est\u00e8tics\"}]},{\"@type\":\"WebSite\",\"@id\":\"https:\\\/\\\/diagonaldent.com\\\/#website\",\"url\":\"https:\\\/\\\/diagonaldent.com\\\/\",\"name\":\"DiagonalDent - Cl\u00ednica Dental en Diagonal Mar, Barcelona\",\"description\":\"Cl\u00ednica Dental en Barcelona: ortodoncia, implantolog\u00eda y est\u00e9tica dental\",\"publisher\":{\"@id\":\"https:\\\/\\\/diagonaldent.com\\\/#organization\"},\"potentialAction\":[{\"@type\":\"SearchAction\",\"target\":{\"@type\":\"EntryPoint\",\"urlTemplate\":\"https:\\\/\\\/diagonaldent.com\\\/?s={search_term_string}\"},\"query-input\":{\"@type\":\"PropertyValueSpecification\",\"valueRequired\":true,\"valueName\":\"search_term_string\"}}],\"inLanguage\":\"ca\"},{\"@type\":\"Organization\",\"@id\":\"https:\\\/\\\/diagonaldent.com\\\/#organization\",\"name\":\"DiagonalDent\",\"url\":\"https:\\\/\\\/diagonaldent.com\\\/\",\"logo\":{\"@type\":\"ImageObject\",\"inLanguage\":\"ca\",\"@id\":\"https:\\\/\\\/diagonaldent.com\\\/#\\\/schema\\\/logo\\\/image\\\/\",\"url\":\"\",\"contentUrl\":\"\",\"caption\":\"DiagonalDent\"},\"image\":{\"@id\":\"https:\\\/\\\/diagonaldent.com\\\/#\\\/schema\\\/logo\\\/image\\\/\"}}]}<\/script>\n<!-- \/ Yoast SEO plugin. -->","yoast_head_json":{"title":"Tractaments est\u00e8tics - DiagonalDent - Cl\u00ednica Dental en Diagonal Mar, Barcelona","description":"Tratamientos est\u00e9ticos: carillas de porcelana est\u00e9ticas y blanqueamientos dentales con Philips Zoom en nuestra c\u00ednica dental de Barcelona.","robots":{"index":"index","follow":"follow","max-snippet":"max-snippet:-1","max-image-preview":"max-image-preview:large","max-video-preview":"max-video-preview:-1"},"canonical":"https:\/\/diagonaldent.com\/ca\/tractaments\/tractaments-estetics\/","og_locale":"ca_ES","og_type":"article","og_title":"Tractaments est\u00e8tics - DiagonalDent - Cl\u00ednica Dental en Diagonal Mar, Barcelona","og_description":"Tratamientos est\u00e9ticos: carillas de porcelana est\u00e9ticas y blanqueamientos dentales con Philips Zoom en nuestra c\u00ednica dental de Barcelona.","og_url":"https:\/\/diagonaldent.com\/ca\/tractaments\/tractaments-estetics\/","og_site_name":"DiagonalDent - Cl\u00ednica Dental en Diagonal Mar, Barcelona","article_modified_time":"2021-03-03T18:05:17+00:00","og_image":[{"url":"https:\/\/diagonaldent.com\/wp-content\/uploads\/2021\/01\/DiagonalDent-protesis-removible-1.png","type":"","width":"","height":""}],"twitter_card":"summary_large_image","twitter_misc":{"Temps estimat de lectura":"3 minuts"},"schema":{"@context":"https:\/\/schema.org","@graph":[{"@type":"WebPage","@id":"https:\/\/diagonaldent.com\/ca\/tractaments\/tractaments-estetics\/","url":"https:\/\/diagonaldent.com\/ca\/tractaments\/tractaments-estetics\/","name":"Tractaments est\u00e8tics - DiagonalDent - Cl\u00ednica Dental en Diagonal Mar, Barcelona","isPartOf":{"@id":"https:\/\/diagonaldent.com\/#website"},"primaryImageOfPage":{"@id":"https:\/\/diagonaldent.com\/ca\/tractaments\/tractaments-estetics\/#primaryimage"},"image":{"@id":"https:\/\/diagonaldent.com\/ca\/tractaments\/tractaments-estetics\/#primaryimage"},"thumbnailUrl":"https:\/\/diagonaldent.com\/wp-content\/uploads\/2021\/01\/DiagonalDent-protesis-removible-1.png","datePublished":"2021-01-20T09:34:15+00:00","dateModified":"2021-03-03T18:05:17+00:00","description":"Tratamientos est\u00e9ticos: carillas de porcelana est\u00e9ticas y blanqueamientos dentales con Philips Zoom en nuestra c\u00ednica dental de Barcelona.","breadcrumb":{"@id":"https:\/\/diagonaldent.com\/ca\/tractaments\/tractaments-estetics\/#breadcrumb"},"inLanguage":"ca","potentialAction":[{"@type":"ReadAction","target":["https:\/\/diagonaldent.com\/ca\/tractaments\/tractaments-estetics\/"]}]},{"@type":"ImageObject","inLanguage":"ca","@id":"https:\/\/diagonaldent.com\/ca\/tractaments\/tractaments-estetics\/#primaryimage","url":"https:\/\/diagonaldent.com\/wp-content\/uploads\/2021\/01\/DiagonalDent-protesis-removible-1.png","contentUrl":"https:\/\/diagonaldent.com\/wp-content\/uploads\/2021\/01\/DiagonalDent-protesis-removible-1.png"},{"@type":"BreadcrumbList","@id":"https:\/\/diagonaldent.com\/ca\/tractaments\/tractaments-estetics\/#breadcrumb","itemListElement":[{"@type":"ListItem","position":1,"name":"Portada","item":"https:\/\/diagonaldent.com\/ca\/"},{"@type":"ListItem","position":2,"name":"Tractaments","item":"https:\/\/diagonaldent.com\/ca\/tractaments\/"},{"@type":"ListItem","position":3,"name":"Tractaments est\u00e8tics"}]},{"@type":"WebSite","@id":"https:\/\/diagonaldent.com\/#website","url":"https:\/\/diagonaldent.com\/","name":"DiagonalDent - Cl\u00ednica Dental en Diagonal Mar, Barcelona","description":"Cl\u00ednica Dental en Barcelona: ortodoncia, implantolog\u00eda y est\u00e9tica dental","publisher":{"@id":"https:\/\/diagonaldent.com\/#organization"},"potentialAction":[{"@type":"SearchAction","target":{"@type":"EntryPoint","urlTemplate":"https:\/\/diagonaldent.com\/?s={search_term_string}"},"query-input":{"@type":"PropertyValueSpecification","valueRequired":true,"valueName":"search_term_string"}}],"inLanguage":"ca"},{"@type":"Organization","@id":"https:\/\/diagonaldent.com\/#organization","name":"DiagonalDent","url":"https:\/\/diagonaldent.com\/","logo":{"@type":"ImageObject","inLanguage":"ca","@id":"https:\/\/diagonaldent.com\/#\/schema\/logo\/image\/","url":"","contentUrl":"","caption":"DiagonalDent"},"image":{"@id":"https:\/\/diagonaldent.com\/#\/schema\/logo\/image\/"}}]}},"_links":{"self":[{"href":"https:\/\/diagonaldent.com\/ca\/wp-json\/wp\/v2\/pages\/1087","targetHints":{"allow":["GET"]}}],"collection":[{"href":"https:\/\/diagonaldent.com\/ca\/wp-json\/wp\/v2\/pages"}],"about":[{"href":"https:\/\/diagonaldent.com\/ca\/wp-json\/wp\/v2\/types\/page"}],"author":[{"embeddable":true,"href":"https:\/\/diagonaldent.com\/ca\/wp-json\/wp\/v2\/users\/1"}],"replies":[{"embeddable":true,"href":"https:\/\/diagonaldent.com\/ca\/wp-json\/wp\/v2\/comments?post=1087"}],"version-history":[{"count":7,"href":"https:\/\/diagonaldent.com\/ca\/wp-json\/wp\/v2\/pages\/1087\/revisions"}],"predecessor-version":[{"id":1164,"href":"https:\/\/diagonaldent.com\/ca\/wp-json\/wp\/v2\/pages\/1087\/revisions\/1164"}],"up":[{"embeddable":true,"href":"https:\/\/diagonaldent.com\/ca\/wp-json\/wp\/v2\/pages\/1075"}],"wp:attachment":[{"href":"https:\/\/diagonaldent.com\/ca\/wp-json\/wp\/v2\/media?parent=1087"}],"curies":[{"name":"wp","href":"https:\/\/api.w.org\/{rel}","templated":true}]}}