{"id":1083,"date":"2021-01-20T10:15:17","date_gmt":"2021-01-20T09:15:17","guid":{"rendered":"https:\/\/diagonaldent.com\/tratamientos\/protesis-fija\/"},"modified":"2021-03-03T20:49:52","modified_gmt":"2021-03-03T19:49:52","slug":"protesi-fixa","status":"publish","type":"page","link":"https:\/\/diagonaldent.com\/ca\/tractaments\/protesi-fixa\/","title":{"rendered":"Pr\u00f2tesi fixa"},"content":{"rendered":"\t\t<div data-elementor-type=\"wp-page\" data-elementor-id=\"1083\" class=\"elementor elementor-1083\">\n\t\t\t\t\t\t<section class=\"elementor-section elementor-top-section elementor-element elementor-element-c548982 elementor-section-height-min-height elementor-section-boxed elementor-section-height-default elementor-section-items-middle parallax_section_no qode_elementor_container_no\" data-id=\"c548982\" data-element_type=\"section\" data-e-type=\"section\" data-settings=\"{&quot;background_background&quot;:&quot;classic&quot;}\">\n\t\t\t\t\t\t\t<div class=\"elementor-background-overlay\"><\/div>\n\t\t\t\t\t\t\t<div class=\"elementor-container elementor-column-gap-default\">\n\t\t\t\t\t<div class=\"elementor-column elementor-col-100 elementor-top-column elementor-element elementor-element-1071739\" data-id=\"1071739\" data-element_type=\"column\" data-e-type=\"column\">\n\t\t\t<div class=\"elementor-widget-wrap elementor-element-populated\">\n\t\t\t\t\t\t<div class=\"elementor-element elementor-element-92bc8f9 elementor-widget elementor-widget-heading\" data-id=\"92bc8f9\" data-element_type=\"widget\" data-e-type=\"widget\" data-widget_type=\"heading.default\">\n\t\t\t\t<div class=\"elementor-widget-container\">\n\t\t\t\t\t<h1 class=\"elementor-heading-title elementor-size-default\">Pr\u00f2tesi fixa<\/h1>\t\t\t\t<\/div>\n\t\t\t\t<\/div>\n\t\t\t\t\t<\/div>\n\t\t<\/div>\n\t\t\t\t\t<\/div>\n\t\t<\/section>\n\t\t\t\t<section class=\"elementor-section elementor-top-section elementor-element elementor-element-3d92d8a elementor-section-content-top elementor-reverse-mobile elementor-section-boxed elementor-section-height-default elementor-section-height-default parallax_section_no qode_elementor_container_no\" data-id=\"3d92d8a\" data-element_type=\"section\" data-e-type=\"section\" id=\"reconstruccion-caries\">\n\t\t\t\t\t\t<div class=\"elementor-container elementor-column-gap-default\">\n\t\t\t\t\t<div class=\"elementor-column elementor-col-50 elementor-top-column elementor-element elementor-element-5fb77c1\" data-id=\"5fb77c1\" data-element_type=\"column\" data-e-type=\"column\">\n\t\t\t<div class=\"elementor-widget-wrap elementor-element-populated\">\n\t\t\t\t\t\t<div class=\"elementor-element elementor-element-05ad0ef elementor-widget elementor-widget-heading\" data-id=\"05ad0ef\" data-element_type=\"widget\" data-e-type=\"widget\" data-widget_type=\"heading.default\">\n\t\t\t\t<div class=\"elementor-widget-container\">\n\t\t\t\t\t<h2 class=\"elementor-heading-title elementor-size-default\">Pr\u00f2tesi fixa: Qu\u00e8 \u00e9s?<\/h2>\t\t\t\t<\/div>\n\t\t\t\t<\/div>\n\t\t\t\t<div class=\"elementor-element elementor-element-43a8610 elementor-widget elementor-widget-text-editor\" data-id=\"43a8610\" data-element_type=\"widget\" data-e-type=\"widget\" data-widget_type=\"text-editor.default\">\n\t\t\t\t<div class=\"elementor-widget-container\">\n\t\t\t\t\t\t\t\t\t<p>Les pr\u00f2tesis dentals fixes s\u00f3n les que es mantenen unides a la boca del pacient de forma permanent i, per tant, no es poden treure.<\/p><p>A difer\u00e8ncia de les removibles, la persona no necessita treure-se-les per netejar-les i no t\u00e9 inconvenients per filtracions de restes d&#8217;aliments.<\/p><p>A m\u00e9s, al quedar totalment fixades, no necessiten passar per un per\u00edode d&#8217;adaptaci\u00f3, com \u00e9s el cas, per exemple, amb les dentadures postisses tradicionals, que poden ser inc\u00f2modes els primers dies a l&#8217;hora de parlar.<\/p>\t\t\t\t\t\t\t\t<\/div>\n\t\t\t\t<\/div>\n\t\t\t\t\t<\/div>\n\t\t<\/div>\n\t\t\t\t<div class=\"elementor-column elementor-col-50 elementor-top-column elementor-element elementor-element-df29cda\" data-id=\"df29cda\" data-element_type=\"column\" data-e-type=\"column\" data-settings=\"{&quot;background_background&quot;:&quot;classic&quot;}\">\n\t\t\t<div class=\"elementor-widget-wrap elementor-element-populated\">\n\t\t\t\t\t\t<div class=\"elementor-element elementor-element-88ea5d7 elementor-invisible elementor-widget elementor-widget-image\" data-id=\"88ea5d7\" data-element_type=\"widget\" data-e-type=\"widget\" data-settings=\"{&quot;_animation&quot;:&quot;fadeInRight&quot;}\" data-widget_type=\"image.default\">\n\t\t\t\t<div class=\"elementor-widget-container\">\n\t\t\t\t\t\t\t\t\t\t\t\t\t\t\t<img fetchpriority=\"high\" decoding=\"async\" width=\"527\" height=\"485\" src=\"https:\/\/diagonaldent.com\/wp-content\/uploads\/2021\/01\/DiagonalDent-protesis-fija-1.png\" class=\"attachment-full size-full wp-image-577\" alt=\"Diagonal Dent - Pr\u00f3tesis fijas\" srcset=\"https:\/\/diagonaldent.com\/wp-content\/uploads\/2021\/01\/DiagonalDent-protesis-fija-1.png 527w, https:\/\/diagonaldent.com\/wp-content\/uploads\/2021\/01\/DiagonalDent-protesis-fija-1-300x276.png 300w\" sizes=\"(max-width: 527px) 100vw, 527px\" \/>\t\t\t\t\t\t\t\t\t\t\t\t\t\t\t<\/div>\n\t\t\t\t<\/div>\n\t\t\t\t\t<\/div>\n\t\t<\/div>\n\t\t\t\t\t<\/div>\n\t\t<\/section>\n\t\t\t\t<section class=\"elementor-section elementor-top-section elementor-element elementor-element-80ea708 elementor-section-content-top elementor-section-boxed elementor-section-height-default elementor-section-height-default parallax_section_no qode_elementor_container_no\" data-id=\"80ea708\" data-element_type=\"section\" data-e-type=\"section\" id=\"limpieza-dental-profesional\">\n\t\t\t\t\t\t<div class=\"elementor-container elementor-column-gap-default\">\n\t\t\t\t\t<div class=\"elementor-column elementor-col-50 elementor-top-column elementor-element elementor-element-576ebd5\" data-id=\"576ebd5\" data-element_type=\"column\" data-e-type=\"column\" data-settings=\"{&quot;background_background&quot;:&quot;classic&quot;}\">\n\t\t\t<div class=\"elementor-widget-wrap elementor-element-populated\">\n\t\t\t\t\t\t<div class=\"elementor-element elementor-element-65f7111 elementor-invisible elementor-widget elementor-widget-image\" data-id=\"65f7111\" data-element_type=\"widget\" data-e-type=\"widget\" data-settings=\"{&quot;_animation&quot;:&quot;fadeInLeft&quot;}\" data-widget_type=\"image.default\">\n\t\t\t\t<div class=\"elementor-widget-container\">\n\t\t\t\t\t\t\t\t\t\t\t\t\t\t\t<img decoding=\"async\" width=\"889\" height=\"1500\" src=\"https:\/\/diagonaldent.com\/wp-content\/uploads\/2021\/01\/DiagonalDent-protesisfija.jpg\" class=\"attachment-full size-full wp-image-621\" alt=\"Diagonal Dent - Pr\u00f3tesis fijas\" srcset=\"https:\/\/diagonaldent.com\/wp-content\/uploads\/2021\/01\/DiagonalDent-protesisfija.jpg 889w, https:\/\/diagonaldent.com\/wp-content\/uploads\/2021\/01\/DiagonalDent-protesisfija-178x300.jpg 178w, https:\/\/diagonaldent.com\/wp-content\/uploads\/2021\/01\/DiagonalDent-protesisfija-593x1000.jpg 593w, https:\/\/diagonaldent.com\/wp-content\/uploads\/2021\/01\/DiagonalDent-protesisfija-768x1296.jpg 768w, https:\/\/diagonaldent.com\/wp-content\/uploads\/2021\/01\/DiagonalDent-protesisfija-700x1181.jpg 700w\" sizes=\"(max-width: 889px) 100vw, 889px\" \/>\t\t\t\t\t\t\t\t\t\t\t\t\t\t\t<\/div>\n\t\t\t\t<\/div>\n\t\t\t\t\t<\/div>\n\t\t<\/div>\n\t\t\t\t<div class=\"elementor-column elementor-col-50 elementor-top-column elementor-element elementor-element-54a6970\" data-id=\"54a6970\" data-element_type=\"column\" data-e-type=\"column\">\n\t\t\t<div class=\"elementor-widget-wrap elementor-element-populated\">\n\t\t\t\t\t\t<div class=\"elementor-element elementor-element-7d21074 elementor-widget elementor-widget-heading\" data-id=\"7d21074\" data-element_type=\"widget\" data-e-type=\"widget\" data-widget_type=\"heading.default\">\n\t\t\t\t<div class=\"elementor-widget-container\">\n\t\t\t\t\t<h3 class=\"elementor-heading-title elementor-size-default\">Tipus de pr\u00f2tesis fixes<\/h3>\t\t\t\t<\/div>\n\t\t\t\t<\/div>\n\t\t\t\t<div class=\"elementor-element elementor-element-56706e9 elementor-widget elementor-widget-heading\" data-id=\"56706e9\" data-element_type=\"widget\" data-e-type=\"widget\" data-widget_type=\"heading.default\">\n\t\t\t\t<div class=\"elementor-widget-container\">\n\t\t\t\t\t<h4 class=\"elementor-heading-title elementor-size-default\">Corones<\/h4>\t\t\t\t<\/div>\n\t\t\t\t<\/div>\n\t\t\t\t<div class=\"elementor-element elementor-element-4872a2c elementor-widget elementor-widget-text-editor\" data-id=\"4872a2c\" data-element_type=\"widget\" data-e-type=\"widget\" data-widget_type=\"text-editor.default\">\n\t\t\t\t<div class=\"elementor-widget-container\">\n\t\t\t\t\t\t\t\t\t<p>Hi ha dos tipus de corones: la <strong>corona de metall-cer\u00e0mica<\/strong> i la <strong>corona est\u00e8tica de zirconi<\/strong>.<\/p><p>A la corona de metall-cer\u00e0mica la part interior est\u00e0 feta de metall, en canvi la part exterior est\u00e0 recoberta de porcellana donant un aspecte m\u00e9s natural a la nova dent.<\/p><p>Les corones est\u00e8tiques de zirconi s\u00f3n les m\u00e9s est\u00e8tiques que hi ha per restaurar les dents. Al estar fabricades \u00edntegrament de zirconi, mai perdran el seu color i es triar\u00e0 el color m\u00e9s adequat per al pacient. El zirconi \u00e9s un material totalment biocompatible amb l\u2019organisme de manera que el pacient no tindr\u00e0 un rebuig d&#8217;al\u00b7l\u00e8rgia ni causar\u00e0 inflamaci\u00f3 de les genives a causa del material.<\/p>\t\t\t\t\t\t\t\t<\/div>\n\t\t\t\t<\/div>\n\t\t\t\t<div class=\"elementor-element elementor-element-ee85638 elementor-widget elementor-widget-heading\" data-id=\"ee85638\" data-element_type=\"widget\" data-e-type=\"widget\" data-widget_type=\"heading.default\">\n\t\t\t\t<div class=\"elementor-widget-container\">\n\t\t\t\t\t<h4 class=\"elementor-heading-title elementor-size-default\">Carilles de Porcellana<\/h4>\t\t\t\t<\/div>\n\t\t\t\t<\/div>\n\t\t\t\t<div class=\"elementor-element elementor-element-2033980 elementor-widget elementor-widget-text-editor\" data-id=\"2033980\" data-element_type=\"widget\" data-e-type=\"widget\" data-widget_type=\"text-editor.default\">\n\t\t\t\t<div class=\"elementor-widget-container\">\n\t\t\t\t\t\t\t\t\t<p>Les carilles s\u00f3n l\u00e0mines fines de porcellana, que es col\u00b7loquen cobrint la superf\u00edcie anterior de les dents, i unides amb un adhesiu especial. Aquest tractament se sol fer per a: corregir taques de color de les dents que no es poden resoldre amb un tractament de blanquejament, per tancar diastemes corregint la forma denit\u00e0ria i aconseguint un aspecte m\u00e9s est\u00e8tic i per a dissimular alteracions en la mida o formes dent\u00e0ries aconseguint tamb\u00e9, un aspecte m\u00e9s est\u00e8tic.<\/p>\t\t\t\t\t\t\t\t<\/div>\n\t\t\t\t<\/div>\n\t\t\t\t<div class=\"elementor-element elementor-element-b38ba9a elementor-widget elementor-widget-heading\" data-id=\"b38ba9a\" data-element_type=\"widget\" data-e-type=\"widget\" data-widget_type=\"heading.default\">\n\t\t\t\t<div class=\"elementor-widget-container\">\n\t\t\t\t\t<h4 class=\"elementor-heading-title elementor-size-default\">Pont<\/h4>\t\t\t\t<\/div>\n\t\t\t\t<\/div>\n\t\t\t\t<div class=\"elementor-element elementor-element-b4f5b65 elementor-widget elementor-widget-text-editor\" data-id=\"b4f5b65\" data-element_type=\"widget\" data-e-type=\"widget\" data-widget_type=\"text-editor.default\">\n\t\t\t\t<div class=\"elementor-widget-container\">\n\t\t\t\t\t\t\t\t\t<p>Un pont dental fix \u00e9s un tipus de pr\u00f2tesi dental que descansa sobre les dents sanes que el pacient encara conserva a la boca. Normalment, les pr\u00f2tesis parcials fixes (com tamb\u00e9 s&#8217;anomenen) substitueixen les dents perdudes adjacents: que estaven junts a la boca del pacient. Juntament amb els implants dentals, aquestes pr\u00f2tesis parcials fixes s\u00f3n la millor soluci\u00f3 per a les persones que han perdut una o m\u00e9s dents naturals.<\/p>\t\t\t\t\t\t\t\t<\/div>\n\t\t\t\t<\/div>\n\t\t\t\t\t<\/div>\n\t\t<\/div>\n\t\t\t\t\t<\/div>\n\t\t<\/section>\n\t\t\t\t<section class=\"elementor-section elementor-top-section elementor-element elementor-element-727ccba elementor-section-content-top elementor-reverse-mobile elementor-section-boxed elementor-section-height-default elementor-section-height-default parallax_section_no qode_elementor_container_no\" data-id=\"727ccba\" data-element_type=\"section\" data-e-type=\"section\">\n\t\t\t\t\t\t<div class=\"elementor-container elementor-column-gap-default\">\n\t\t\t\t\t<div class=\"elementor-column elementor-col-50 elementor-top-column elementor-element elementor-element-1d370de\" data-id=\"1d370de\" data-element_type=\"column\" data-e-type=\"column\">\n\t\t\t<div class=\"elementor-widget-wrap elementor-element-populated\">\n\t\t\t\t\t\t<div class=\"elementor-element elementor-element-672c785 elementor-widget elementor-widget-heading\" data-id=\"672c785\" data-element_type=\"widget\" data-e-type=\"widget\" data-widget_type=\"heading.default\">\n\t\t\t\t<div class=\"elementor-widget-container\">\n\t\t\t\t\t<h2 class=\"elementor-heading-title elementor-size-default\">Cures<\/h2>\t\t\t\t<\/div>\n\t\t\t\t<\/div>\n\t\t\t\t<div class=\"elementor-element elementor-element-4591cc7 elementor-widget elementor-widget-text-editor\" data-id=\"4591cc7\" data-element_type=\"widget\" data-e-type=\"widget\" data-widget_type=\"text-editor.default\">\n\t\t\t\t<div class=\"elementor-widget-container\">\n\t\t\t\t\t\t\t\t\tPer aconseguir un bon funcionament, has de seguir les instruccions de maneig i manteniment proporcionades a la cl\u00ednica, que li facilitar\u00e0 l&#8217;\u00fas dels elements prot\u00e8sics del seu tractament i augmentar\u00e0 la seva durada en les condicions adequades.\t\t\t\t\t\t\t\t<\/div>\n\t\t\t\t<\/div>\n\t\t\t\t\t<\/div>\n\t\t<\/div>\n\t\t\t\t<div class=\"elementor-column elementor-col-50 elementor-top-column elementor-element elementor-element-0fc2414\" data-id=\"0fc2414\" data-element_type=\"column\" data-e-type=\"column\" data-settings=\"{&quot;background_background&quot;:&quot;classic&quot;}\">\n\t\t\t<div class=\"elementor-widget-wrap elementor-element-populated\">\n\t\t\t\t\t\t<div class=\"elementor-element elementor-element-662cd14 elementor-invisible elementor-widget elementor-widget-image\" data-id=\"662cd14\" data-element_type=\"widget\" data-e-type=\"widget\" data-settings=\"{&quot;_animation&quot;:&quot;fadeInRight&quot;}\" data-widget_type=\"image.default\">\n\t\t\t\t<div class=\"elementor-widget-container\">\n\t\t\t\t\t\t\t\t\t\t\t\t\t\t\t<img decoding=\"async\" width=\"1000\" height=\"667\" src=\"https:\/\/diagonaldent.com\/wp-content\/uploads\/2021\/01\/DiagonalDent-protesisfijas-cuidados.jpg\" class=\"attachment-full size-full wp-image-744\" alt=\"Diagonal Dent - Cuidado de las pr\u00f3tesis fijas\" srcset=\"https:\/\/diagonaldent.com\/wp-content\/uploads\/2021\/01\/DiagonalDent-protesisfijas-cuidados.jpg 1000w, https:\/\/diagonaldent.com\/wp-content\/uploads\/2021\/01\/DiagonalDent-protesisfijas-cuidados-300x200.jpg 300w, https:\/\/diagonaldent.com\/wp-content\/uploads\/2021\/01\/DiagonalDent-protesisfijas-cuidados-768x512.jpg 768w, https:\/\/diagonaldent.com\/wp-content\/uploads\/2021\/01\/DiagonalDent-protesisfijas-cuidados-700x467.jpg 700w\" sizes=\"(max-width: 1000px) 100vw, 1000px\" \/>\t\t\t\t\t\t\t\t\t\t\t\t\t\t\t<\/div>\n\t\t\t\t<\/div>\n\t\t\t\t\t<\/div>\n\t\t<\/div>\n\t\t\t\t\t<\/div>\n\t\t<\/section>\n\t\t\t\t<\/div>\n\t\t","protected":false},"excerpt":{"rendered":"<p>Pr\u00f2tesi fixa Pr\u00f2tesi fixa: Qu\u00e8 \u00e9s? Les pr\u00f2tesis dentals fixes s\u00f3n les que es mantenen unides a la boca del pacient de forma permanent i, per tant, no es poden treure. A difer\u00e8ncia de les removibles, la persona no necessita treure-se-les per netejar-les i no&#8230;<\/p>\n","protected":false},"author":1,"featured_media":0,"parent":1075,"menu_order":0,"comment_status":"closed","ping_status":"closed","template":"elementor_header_footer","meta":{"footnotes":""},"class_list":["post-1083","page","type-page","status-publish","hentry"],"yoast_head":"<!-- This site is optimized with the Yoast SEO plugin v27.3 - https:\/\/yoast.com\/product\/yoast-seo-wordpress\/ -->\n<title>Pr\u00f2tesi fixa - DiagonalDent - Cl\u00ednica Dental en Diagonal Mar, Barcelona<\/title>\n<meta name=\"description\" content=\"En nuestra cl\u00ednica dental de Barcelona realizamos diferentes tipos de pr\u00f3tesis dental fija: Corona metal-ceramica, Puente o Carilla est\u00e9tica.\" \/>\n<meta name=\"robots\" content=\"index, follow, max-snippet:-1, max-image-preview:large, max-video-preview:-1\" \/>\n<link rel=\"canonical\" href=\"https:\/\/diagonaldent.com\/ca\/tractaments\/protesi-fixa\/\" \/>\n<meta property=\"og:locale\" content=\"ca_ES\" \/>\n<meta property=\"og:type\" content=\"article\" \/>\n<meta property=\"og:title\" content=\"Pr\u00f2tesi fixa - DiagonalDent - Cl\u00ednica Dental en Diagonal Mar, Barcelona\" \/>\n<meta property=\"og:description\" content=\"En nuestra cl\u00ednica dental de Barcelona realizamos diferentes tipos de pr\u00f3tesis dental fija: Corona metal-ceramica, Puente o Carilla est\u00e9tica.\" \/>\n<meta property=\"og:url\" content=\"https:\/\/diagonaldent.com\/ca\/tractaments\/protesi-fixa\/\" \/>\n<meta property=\"og:site_name\" content=\"DiagonalDent - Cl\u00ednica Dental en Diagonal Mar, Barcelona\" \/>\n<meta property=\"article:modified_time\" content=\"2021-03-03T19:49:52+00:00\" \/>\n<meta property=\"og:image\" content=\"https:\/\/diagonaldent.com\/wp-content\/uploads\/2021\/01\/DiagonalDent-protesis-fija-1.png\" \/>\n<meta name=\"twitter:card\" content=\"summary_large_image\" \/>\n<meta name=\"twitter:label1\" content=\"Temps estimat de lectura\" \/>\n\t<meta name=\"twitter:data1\" content=\"3 minuts\" \/>\n<script type=\"application\/ld+json\" class=\"yoast-schema-graph\">{\"@context\":\"https:\\\/\\\/schema.org\",\"@graph\":[{\"@type\":\"WebPage\",\"@id\":\"https:\\\/\\\/diagonaldent.com\\\/ca\\\/tractaments\\\/protesi-fixa\\\/\",\"url\":\"https:\\\/\\\/diagonaldent.com\\\/ca\\\/tractaments\\\/protesi-fixa\\\/\",\"name\":\"Pr\u00f2tesi fixa - DiagonalDent - Cl\u00ednica Dental en Diagonal Mar, Barcelona\",\"isPartOf\":{\"@id\":\"https:\\\/\\\/diagonaldent.com\\\/#website\"},\"primaryImageOfPage\":{\"@id\":\"https:\\\/\\\/diagonaldent.com\\\/ca\\\/tractaments\\\/protesi-fixa\\\/#primaryimage\"},\"image\":{\"@id\":\"https:\\\/\\\/diagonaldent.com\\\/ca\\\/tractaments\\\/protesi-fixa\\\/#primaryimage\"},\"thumbnailUrl\":\"https:\\\/\\\/diagonaldent.com\\\/wp-content\\\/uploads\\\/2021\\\/01\\\/DiagonalDent-protesis-fija-1.png\",\"datePublished\":\"2021-01-20T09:15:17+00:00\",\"dateModified\":\"2021-03-03T19:49:52+00:00\",\"description\":\"En nuestra cl\u00ednica dental de Barcelona realizamos diferentes tipos de pr\u00f3tesis dental fija: Corona metal-ceramica, Puente o Carilla est\u00e9tica.\",\"breadcrumb\":{\"@id\":\"https:\\\/\\\/diagonaldent.com\\\/ca\\\/tractaments\\\/protesi-fixa\\\/#breadcrumb\"},\"inLanguage\":\"ca\",\"potentialAction\":[{\"@type\":\"ReadAction\",\"target\":[\"https:\\\/\\\/diagonaldent.com\\\/ca\\\/tractaments\\\/protesi-fixa\\\/\"]}]},{\"@type\":\"ImageObject\",\"inLanguage\":\"ca\",\"@id\":\"https:\\\/\\\/diagonaldent.com\\\/ca\\\/tractaments\\\/protesi-fixa\\\/#primaryimage\",\"url\":\"https:\\\/\\\/diagonaldent.com\\\/wp-content\\\/uploads\\\/2021\\\/01\\\/DiagonalDent-protesis-fija-1.png\",\"contentUrl\":\"https:\\\/\\\/diagonaldent.com\\\/wp-content\\\/uploads\\\/2021\\\/01\\\/DiagonalDent-protesis-fija-1.png\"},{\"@type\":\"BreadcrumbList\",\"@id\":\"https:\\\/\\\/diagonaldent.com\\\/ca\\\/tractaments\\\/protesi-fixa\\\/#breadcrumb\",\"itemListElement\":[{\"@type\":\"ListItem\",\"position\":1,\"name\":\"Portada\",\"item\":\"https:\\\/\\\/diagonaldent.com\\\/ca\\\/\"},{\"@type\":\"ListItem\",\"position\":2,\"name\":\"Tractaments\",\"item\":\"https:\\\/\\\/diagonaldent.com\\\/ca\\\/tractaments\\\/\"},{\"@type\":\"ListItem\",\"position\":3,\"name\":\"Pr\u00f2tesi fixa\"}]},{\"@type\":\"WebSite\",\"@id\":\"https:\\\/\\\/diagonaldent.com\\\/#website\",\"url\":\"https:\\\/\\\/diagonaldent.com\\\/\",\"name\":\"DiagonalDent - Cl\u00ednica Dental en Diagonal Mar, Barcelona\",\"description\":\"Cl\u00ednica Dental en Barcelona: ortodoncia, implantolog\u00eda y est\u00e9tica dental\",\"publisher\":{\"@id\":\"https:\\\/\\\/diagonaldent.com\\\/#organization\"},\"potentialAction\":[{\"@type\":\"SearchAction\",\"target\":{\"@type\":\"EntryPoint\",\"urlTemplate\":\"https:\\\/\\\/diagonaldent.com\\\/?s={search_term_string}\"},\"query-input\":{\"@type\":\"PropertyValueSpecification\",\"valueRequired\":true,\"valueName\":\"search_term_string\"}}],\"inLanguage\":\"ca\"},{\"@type\":\"Organization\",\"@id\":\"https:\\\/\\\/diagonaldent.com\\\/#organization\",\"name\":\"DiagonalDent\",\"url\":\"https:\\\/\\\/diagonaldent.com\\\/\",\"logo\":{\"@type\":\"ImageObject\",\"inLanguage\":\"ca\",\"@id\":\"https:\\\/\\\/diagonaldent.com\\\/#\\\/schema\\\/logo\\\/image\\\/\",\"url\":\"\",\"contentUrl\":\"\",\"caption\":\"DiagonalDent\"},\"image\":{\"@id\":\"https:\\\/\\\/diagonaldent.com\\\/#\\\/schema\\\/logo\\\/image\\\/\"}}]}<\/script>\n<!-- \/ Yoast SEO plugin. -->","yoast_head_json":{"title":"Pr\u00f2tesi fixa - DiagonalDent - Cl\u00ednica Dental en Diagonal Mar, Barcelona","description":"En nuestra cl\u00ednica dental de Barcelona realizamos diferentes tipos de pr\u00f3tesis dental fija: Corona metal-ceramica, Puente o Carilla est\u00e9tica.","robots":{"index":"index","follow":"follow","max-snippet":"max-snippet:-1","max-image-preview":"max-image-preview:large","max-video-preview":"max-video-preview:-1"},"canonical":"https:\/\/diagonaldent.com\/ca\/tractaments\/protesi-fixa\/","og_locale":"ca_ES","og_type":"article","og_title":"Pr\u00f2tesi fixa - DiagonalDent - Cl\u00ednica Dental en Diagonal Mar, Barcelona","og_description":"En nuestra cl\u00ednica dental de Barcelona realizamos diferentes tipos de pr\u00f3tesis dental fija: Corona metal-ceramica, Puente o Carilla est\u00e9tica.","og_url":"https:\/\/diagonaldent.com\/ca\/tractaments\/protesi-fixa\/","og_site_name":"DiagonalDent - Cl\u00ednica Dental en Diagonal Mar, Barcelona","article_modified_time":"2021-03-03T19:49:52+00:00","og_image":[{"url":"https:\/\/diagonaldent.com\/wp-content\/uploads\/2021\/01\/DiagonalDent-protesis-fija-1.png","type":"","width":"","height":""}],"twitter_card":"summary_large_image","twitter_misc":{"Temps estimat de lectura":"3 minuts"},"schema":{"@context":"https:\/\/schema.org","@graph":[{"@type":"WebPage","@id":"https:\/\/diagonaldent.com\/ca\/tractaments\/protesi-fixa\/","url":"https:\/\/diagonaldent.com\/ca\/tractaments\/protesi-fixa\/","name":"Pr\u00f2tesi fixa - DiagonalDent - Cl\u00ednica Dental en Diagonal Mar, Barcelona","isPartOf":{"@id":"https:\/\/diagonaldent.com\/#website"},"primaryImageOfPage":{"@id":"https:\/\/diagonaldent.com\/ca\/tractaments\/protesi-fixa\/#primaryimage"},"image":{"@id":"https:\/\/diagonaldent.com\/ca\/tractaments\/protesi-fixa\/#primaryimage"},"thumbnailUrl":"https:\/\/diagonaldent.com\/wp-content\/uploads\/2021\/01\/DiagonalDent-protesis-fija-1.png","datePublished":"2021-01-20T09:15:17+00:00","dateModified":"2021-03-03T19:49:52+00:00","description":"En nuestra cl\u00ednica dental de Barcelona realizamos diferentes tipos de pr\u00f3tesis dental fija: Corona metal-ceramica, Puente o Carilla est\u00e9tica.","breadcrumb":{"@id":"https:\/\/diagonaldent.com\/ca\/tractaments\/protesi-fixa\/#breadcrumb"},"inLanguage":"ca","potentialAction":[{"@type":"ReadAction","target":["https:\/\/diagonaldent.com\/ca\/tractaments\/protesi-fixa\/"]}]},{"@type":"ImageObject","inLanguage":"ca","@id":"https:\/\/diagonaldent.com\/ca\/tractaments\/protesi-fixa\/#primaryimage","url":"https:\/\/diagonaldent.com\/wp-content\/uploads\/2021\/01\/DiagonalDent-protesis-fija-1.png","contentUrl":"https:\/\/diagonaldent.com\/wp-content\/uploads\/2021\/01\/DiagonalDent-protesis-fija-1.png"},{"@type":"BreadcrumbList","@id":"https:\/\/diagonaldent.com\/ca\/tractaments\/protesi-fixa\/#breadcrumb","itemListElement":[{"@type":"ListItem","position":1,"name":"Portada","item":"https:\/\/diagonaldent.com\/ca\/"},{"@type":"ListItem","position":2,"name":"Tractaments","item":"https:\/\/diagonaldent.com\/ca\/tractaments\/"},{"@type":"ListItem","position":3,"name":"Pr\u00f2tesi fixa"}]},{"@type":"WebSite","@id":"https:\/\/diagonaldent.com\/#website","url":"https:\/\/diagonaldent.com\/","name":"DiagonalDent - Cl\u00ednica Dental en Diagonal Mar, Barcelona","description":"Cl\u00ednica Dental en Barcelona: ortodoncia, implantolog\u00eda y est\u00e9tica dental","publisher":{"@id":"https:\/\/diagonaldent.com\/#organization"},"potentialAction":[{"@type":"SearchAction","target":{"@type":"EntryPoint","urlTemplate":"https:\/\/diagonaldent.com\/?s={search_term_string}"},"query-input":{"@type":"PropertyValueSpecification","valueRequired":true,"valueName":"search_term_string"}}],"inLanguage":"ca"},{"@type":"Organization","@id":"https:\/\/diagonaldent.com\/#organization","name":"DiagonalDent","url":"https:\/\/diagonaldent.com\/","logo":{"@type":"ImageObject","inLanguage":"ca","@id":"https:\/\/diagonaldent.com\/#\/schema\/logo\/image\/","url":"","contentUrl":"","caption":"DiagonalDent"},"image":{"@id":"https:\/\/diagonaldent.com\/#\/schema\/logo\/image\/"}}]}},"_links":{"self":[{"href":"https:\/\/diagonaldent.com\/ca\/wp-json\/wp\/v2\/pages\/1083","targetHints":{"allow":["GET"]}}],"collection":[{"href":"https:\/\/diagonaldent.com\/ca\/wp-json\/wp\/v2\/pages"}],"about":[{"href":"https:\/\/diagonaldent.com\/ca\/wp-json\/wp\/v2\/types\/page"}],"author":[{"embeddable":true,"href":"https:\/\/diagonaldent.com\/ca\/wp-json\/wp\/v2\/users\/1"}],"replies":[{"embeddable":true,"href":"https:\/\/diagonaldent.com\/ca\/wp-json\/wp\/v2\/comments?post=1083"}],"version-history":[{"count":8,"href":"https:\/\/diagonaldent.com\/ca\/wp-json\/wp\/v2\/pages\/1083\/revisions"}],"predecessor-version":[{"id":1235,"href":"https:\/\/diagonaldent.com\/ca\/wp-json\/wp\/v2\/pages\/1083\/revisions\/1235"}],"up":[{"embeddable":true,"href":"https:\/\/diagonaldent.com\/ca\/wp-json\/wp\/v2\/pages\/1075"}],"wp:attachment":[{"href":"https:\/\/diagonaldent.com\/ca\/wp-json\/wp\/v2\/media?parent=1083"}],"curies":[{"name":"wp","href":"https:\/\/api.w.org\/{rel}","templated":true}]}}